{"id":707,"date":"2017-10-23T14:08:23","date_gmt":"2017-10-23T14:08:23","guid":{"rendered":"https:\/\/drrt.com\/our-firm\/why-choose-us\/"},"modified":"2020-11-10T22:04:06","modified_gmt":"2020-11-10T22:04:06","slug":"why-choose-us","status":"publish","type":"page","link":"https:\/\/drrt.com\/it\/our-firm\/why-choose-us\/","title":{"rendered":"Perch\u00e8 scegliere DRRT"},"content":{"rendered":"<div class=\"why-choose-us\">\n<div>\n<h3>PERCH\u00c9 SCEGLIERE I SERVIZI DI PROTEZIONE GLOBALE INVESTITORI DI DRRT?<\/h3>\n<p><img loading=\"lazy\" decoding=\"async\" class=\"alignright size-medium wp-image-73\" src=\"https:\/\/drrt.com\/wp-content\/uploads\/2017\/10\/protect-service-300x200.png\" alt=\"\" width=\"300\" height=\"200\" srcset=\"https:\/\/drrt.com\/wp-content\/uploads\/2017\/10\/protect-service-300x200.png 300w, https:\/\/drrt.com\/wp-content\/uploads\/2017\/10\/protect-service.png 454w\" sizes=\"auto, (max-width: 300px) 100vw, 300px\" \/><\/p>\n<p>Per oltre un decennio, DRRT \u00e8 stata la pioniera nella protezione globale degli azionisti, in particolare nel recupero delle perdite e nella governance aziendale al di fuori degli Stati Uniti. Il nostro gruppo di avvocati e analisti internazionali offre consulenza e rappresentanza agli investitori istituzionali relativamente alle possibili opzioni di recupero delle perdite subite a seguito di dichiarazioni false o frodi da parte di societ\u00e0 quotate sul mercato azionario.<\/p>\n<\/div>\n<div>\n<h3>l&#8217;importanza Della Protezione Globale Investitori<\/h3>\n<p>I recenti sviluppi presso le corti statunitensi, che hanno limitato le possibilit\u00e0 di inclusione di richieste di indennizzo da parte di investitori non statunitensi o per transazioni in titoli non statunitensi nell&#8217;ambito di class actions americane, hanno focalizzato maggiormente l&#8217;attenzione sul recupero delle perdite al di fuori delle giurisdizioni degli Stati Uniti.<\/p>\n<p>Inoltre, gli investitori istituzionali hanno appreso che il monitoraggio e la presentazione di richieste di indennizzo nell&#8217;ambito di accordi extragiudiziali, condotte negli Stati Uniti e in Canada, non \u00e8 pi\u00f9 sufficiente a minimizzare il rischio di frodi globali sui titoli azionari. Ci\u00f2 \u00e8 dovuto in particolare alla mancanza di reali opzioni di class actions di cui gli investitori potrebbero usufruire al di fuori degli Stati Uniti o del Canada.<\/p>\n<p>Al di fuori di questi paesi, tale attesa porta spesso all&#8217;esclusione degli investitori dal recupero dei fondi. Di conseguenza, gli investitori proattivi sono stati sempre pi\u00f9 coinvolti in contenziosi al di fuori degli Stati Uniti. Nel contempo, gli investitori hanno altres\u00ec esercitato in modo pi\u00f9 opportunistico il diritto di opt-out, previsto dalle class actions intentate negli Stati Uniti. In sintesi, la partecipazione attiva ad azioni di recupero delle perdite \u00e8 diventato un nuovo modo per generare Legal AlphaSM. <sup>SM.<\/sup><\/p>\n<\/div>\n<div>\n<h5>Monitoraggio &amp; Ricerca<\/h5>\n<ul>\n<li>Sistema di monitoraggio a livello internazionale delle opportunit\u00e0 di recupero<\/li>\n<li>Ampie capacit\u00e0 di ricerca, comprese analisi economiche e legali<\/li>\n<li>Esperienza e abilit\u00e0 nell&#8217;analisi dei dati per la determinazione dei danni<\/li>\n<li>Capacit\u00e0 di lavorare con i clienti su download di dati storici per tutti i titoli azionari o su trasmissione di informazioni inerenti a ciascuna causa, compresa la capacit\u00e0 di interfacciarsi con banche depositarie o fornitori di servizi del post-mercato al fine di ridurre al minimo l&#8217;interazione e gli interventi del cliente durante la procedura<\/li>\n<\/ul>\n<\/div>\n<div>\n<h5>Rappresentanza Attiva in Giudizio<\/h5>\n<ul>\n<li>Rappresentanza in cause speciali negli Stati Uniti e in Canada<\/li>\n<li>Rappresentanza nell&#8217;ambito delle diverse opzioni di recupero alternative per i sistemi relativi ad azioni non collettive a livello internazionale<\/li>\n<li>Pratica strutturazione dei clienti rappresentati sulla base degli obiettivi conseguiti e in totale assenza di rischi<\/li>\n<li>Tariffe flessibili e personalizzate e success fees<\/li>\n<\/ul>\n<\/div>\n<div>\n<h5>Assistenza &amp; Strumenti<\/h5>\n<ul>\n<li>Strumenti di reportistica personalizzabili e completi<\/li>\n<li>Portale web clienti articolato<\/li>\n<li>Assistenza clienti dedicata e personalizzata, con visite informative e divulgative in loco<\/li>\n<li>Tavole rotonde con investitori istituzionali, organizzate con cadenza periodica in vari paesi in tutto il mondo<\/li>\n<li>Conferenze annuali dedicate agli investitori negli Stati Uniti e in Europa<\/li>\n<li>Assistenza nello sviluppo di una politica interna per la conduzione di class actions globali<\/li>\n<\/ul>\n<\/div>\n<\/div>\n","protected":false},"excerpt":{"rendered":"<p>PERCH\u00c9 SCEGLIERE I SERVIZI DI PROTEZIONE GLOBALE INVESTITORI DI DRRT? Per oltre un decennio, DRRT \u00e8 stata la pioniera nella&hellip; <\/p>\n","protected":false},"author":1,"featured_media":0,"parent":662,"menu_order":0,"comment_status":"closed","ping_status":"closed","template":"","meta":{"_acf_changed":false,"footnotes":""},"class_list":["post-707","page","type-page","status-publish","hentry"],"acf":[],"_links":{"self":[{"href":"https:\/\/drrt.com\/it\/wp-json\/wp\/v2\/pages\/707","targetHints":{"allow":["GET"]}}],"collection":[{"href":"https:\/\/drrt.com\/it\/wp-json\/wp\/v2\/pages"}],"about":[{"href":"https:\/\/drrt.com\/it\/wp-json\/wp\/v2\/types\/page"}],"author":[{"embeddable":true,"href":"https:\/\/drrt.com\/it\/wp-json\/wp\/v2\/users\/1"}],"replies":[{"embeddable":true,"href":"https:\/\/drrt.com\/it\/wp-json\/wp\/v2\/comments?post=707"}],"version-history":[{"count":3,"href":"https:\/\/drrt.com\/it\/wp-json\/wp\/v2\/pages\/707\/revisions"}],"predecessor-version":[{"id":6972,"href":"https:\/\/drrt.com\/it\/wp-json\/wp\/v2\/pages\/707\/revisions\/6972"}],"up":[{"embeddable":true,"href":"https:\/\/drrt.com\/it\/wp-json\/wp\/v2\/pages\/662"}],"wp:attachment":[{"href":"https:\/\/drrt.com\/it\/wp-json\/wp\/v2\/media?parent=707"}],"curies":[{"name":"wp","href":"https:\/\/api.w.org\/{rel}","templated":true}]}}