{"id":557,"date":"2017-10-30T05:52:26","date_gmt":"2017-10-30T05:52:26","guid":{"rendered":"https:\/\/drrt.com\/areas-of-expertise\/global-securities-litigation\/financial-antitrust-litigation\/"},"modified":"2017-11-10T19:11:32","modified_gmt":"2017-11-10T19:11:32","slug":"financial-antitrust-litigation","status":"publish","type":"page","link":"https:\/\/drrt.com\/it\/areas-of-expertise\/global-securities-litigation\/financial-antitrust-litigation\/","title":{"rendered":"Contenziosi finanziari in materia di antitrust"},"content":{"rendered":"<h3>Contenziosi finanziari in materia di antitrust<\/h3>\n<p>La manipolazione dei mercati finanziari \u00e8 stato un tema dominante negli ultimi anni. Mentre gli investitori si sono fidati del potere di autoregolamentazione del mercato finanziario, negli ultimi anni le banche hanno approfittato della loro fiducia e hanno iniziato a manipolare i mercati finanziari, applicando tassi non corrispondenti alla realt\u00e0, per ottenere utili dalle transazioni e\/o dando l&#8217;impressione di trovarsi in una posizione finanziaria migliore di quanto realmente fosse. Un tale comportamento non viola soltanto le regole in materia di antitrust, ma causa, altres\u00ec, danni agli investitori per i quali ora richiedono una compensazione.<\/p>\n<p>In seguito allo scandalo LIBOR\/EURIBOR del 2013, DRRT ha creato una fondazione di diritto olandese (&#8220;Stichting LIBOR\/EURIBOR Victim Compensation Fund&#8221;) per rappresentare gli interessi di tutti gli investitori e dei partecipanti al mercato coinvolti nelle manipolazioni LIBOR\/EURIBOR perpetrate dalle varie banche di riferimento. La Fondazione \u00e8 pronta ad avviare un contenzioso per ottenere dal tribunale olandese una dichiarazione di responsabilit\u00e0 nei confronti di Rabobank e, in forza al principio della responsabilit\u00e0 solidale, anche di altre banche colludenti. DRRT sta altres\u00ec preparando altre azioni separate e relative alle richieste di indennizzo per manipolazione dei tassi di cambio CDS (Credit Default Swap).<\/p>\n","protected":false},"excerpt":{"rendered":"<p>Contenziosi finanziari in materia di antitrust La manipolazione dei mercati finanziari \u00e8 stato un tema dominante negli ultimi anni. Mentre&hellip; <\/p>\n","protected":false},"author":1,"featured_media":0,"parent":547,"menu_order":0,"comment_status":"closed","ping_status":"closed","template":"","meta":{"_acf_changed":false,"footnotes":""},"class_list":["post-557","page","type-page","status-publish","hentry"],"acf":[],"_links":{"self":[{"href":"https:\/\/drrt.com\/it\/wp-json\/wp\/v2\/pages\/557","targetHints":{"allow":["GET"]}}],"collection":[{"href":"https:\/\/drrt.com\/it\/wp-json\/wp\/v2\/pages"}],"about":[{"href":"https:\/\/drrt.com\/it\/wp-json\/wp\/v2\/types\/page"}],"author":[{"embeddable":true,"href":"https:\/\/drrt.com\/it\/wp-json\/wp\/v2\/users\/1"}],"replies":[{"embeddable":true,"href":"https:\/\/drrt.com\/it\/wp-json\/wp\/v2\/comments?post=557"}],"version-history":[{"count":2,"href":"https:\/\/drrt.com\/it\/wp-json\/wp\/v2\/pages\/557\/revisions"}],"predecessor-version":[{"id":1285,"href":"https:\/\/drrt.com\/it\/wp-json\/wp\/v2\/pages\/557\/revisions\/1285"}],"up":[{"embeddable":true,"href":"https:\/\/drrt.com\/it\/wp-json\/wp\/v2\/pages\/547"}],"wp:attachment":[{"href":"https:\/\/drrt.com\/it\/wp-json\/wp\/v2\/media?parent=557"}],"curies":[{"name":"wp","href":"https:\/\/api.w.org\/{rel}","templated":true}]}}