{"id":552,"date":"2017-10-30T05:53:23","date_gmt":"2017-10-30T05:53:23","guid":{"rendered":"https:\/\/drrt.com\/areas-of-expertise\/global-securities-litigation\/arbitration-and-alternative-dispute-resolution\/"},"modified":"2017-11-10T19:11:24","modified_gmt":"2017-11-10T19:11:24","slug":"arbitration-and-alternative-dispute-resolution","status":"publish","type":"page","link":"https:\/\/drrt.com\/it\/areas-of-expertise\/global-securities-litigation\/arbitration-and-alternative-dispute-resolution\/","title":{"rendered":"Arbitrato e risoluzione extragiudiziale delle controversie"},"content":{"rendered":"<h3>Arbitrato e risoluzione extragiudiziale delle controversie (Alternative Dispute Resolution)<\/h3>\n<p>Gli avvocati dello studio legale DRRT sono attivi nel fornire consulenza ai clienti in materia di arbitrato e altri metodi alternativi di risoluzione delle controversie e possono fornire orientamenti sulle migliori opzioni disponibili per la risoluzione delle controversie relative a conflitti sorti al di fuori della procedura di contenzioso. Continuiamo a monitorare questo settore, nell&#8217;ambito del quale la tendenza sviluppatasi in diversi paesi \u2013 come il Brasile con la causa Petrobras \u2013 \u00e8 stata di forzare il ricorso all&#8217;arbitrato per le controversie che vedono coinvolti azionisti. La validit\u00e0 di statuti che prevedono la scelta della giurisdizione \u00e8 stata confermata da numerosi tribunali statali degli Stati Uniti, compresi i tribunali del Delaware e persino la Corte Suprema degli Stati Uniti, che nella sua sentenza del 2013 (American Express v. Italian Colors Restaurant) ha confermato la rinuncia del diritto a partecipare ad una class action tramite un accordo col quale le parti si sottopongono ad arbitrato per attuali o future controversie. Forte della sua rete internazionale e dell&#8217;esperienza dei suoi avvocati nel settore dei contenziosi e dell&#8217;arbitrato, lo studio legale DRRT ricopre una posizione ottimale per la gestione di tali scenari legati alla risoluzione alternativa delle controversie.<\/p>\n","protected":false},"excerpt":{"rendered":"<p>Arbitrato e risoluzione extragiudiziale delle controversie (Alternative Dispute Resolution) Gli avvocati dello studio legale DRRT sono attivi nel fornire consulenza&hellip; <\/p>\n","protected":false},"author":1,"featured_media":0,"parent":547,"menu_order":0,"comment_status":"closed","ping_status":"closed","template":"","meta":{"_acf_changed":false,"footnotes":""},"class_list":["post-552","page","type-page","status-publish","hentry"],"acf":[],"_links":{"self":[{"href":"https:\/\/drrt.com\/it\/wp-json\/wp\/v2\/pages\/552","targetHints":{"allow":["GET"]}}],"collection":[{"href":"https:\/\/drrt.com\/it\/wp-json\/wp\/v2\/pages"}],"about":[{"href":"https:\/\/drrt.com\/it\/wp-json\/wp\/v2\/types\/page"}],"author":[{"embeddable":true,"href":"https:\/\/drrt.com\/it\/wp-json\/wp\/v2\/users\/1"}],"replies":[{"embeddable":true,"href":"https:\/\/drrt.com\/it\/wp-json\/wp\/v2\/comments?post=552"}],"version-history":[{"count":2,"href":"https:\/\/drrt.com\/it\/wp-json\/wp\/v2\/pages\/552\/revisions"}],"predecessor-version":[{"id":1284,"href":"https:\/\/drrt.com\/it\/wp-json\/wp\/v2\/pages\/552\/revisions\/1284"}],"up":[{"embeddable":true,"href":"https:\/\/drrt.com\/it\/wp-json\/wp\/v2\/pages\/547"}],"wp:attachment":[{"href":"https:\/\/drrt.com\/it\/wp-json\/wp\/v2\/media?parent=552"}],"curies":[{"name":"wp","href":"https:\/\/api.w.org\/{rel}","templated":true}]}}