{"id":705,"date":"2017-10-23T14:08:23","date_gmt":"2017-10-23T14:08:23","guid":{"rendered":"https:\/\/drrt.com\/our-firm\/why-choose-us\/"},"modified":"2017-12-06T11:42:19","modified_gmt":"2017-12-06T11:42:19","slug":"why-choose-us","status":"publish","type":"page","link":"https:\/\/drrt.com\/fr\/our-firm\/why-choose-us\/","title":{"rendered":"Why Choose Us"},"content":{"rendered":"<div class=\"why-choose-us\">\n<div>\n<h3>Pourquoi choisir les services de DRRT de protection mondiale des investisseurs?<\/h3>\n<p><img loading=\"lazy\" decoding=\"async\" src=\"https:\/\/drrt.com\/wp-content\/uploads\/2017\/10\/protect-service-300x200.png\" alt=\"\" width=\"300\" height=\"200\" class=\"alignright size-medium wp-image-73\" srcset=\"https:\/\/drrt.com\/wp-content\/uploads\/2017\/10\/protect-service-300x200.png 300w, https:\/\/drrt.com\/wp-content\/uploads\/2017\/10\/protect-service.png 454w\" sizes=\"auto, (max-width: 300px) 100vw, 300px\" \/><\/p>\n<p>DRRT a fait \u0153uvre de pionnier dans la protection des actionnaires au niveau mondial, notamment quant au recouvrement de pertes des investisseurs et \u00e0 la gouvernance d&rsquo;entreprise dans les pays hors \u00c9tats-Unis, pendant plus d&rsquo;une d\u00e9cennie. Notre \u00e9quipe d&rsquo;avocats et analystes internationaux conseille et repr\u00e9sente les investisseurs institutionnels en ce qui concerne les options possible de recouvrement des pertes subies suite \u00e0 des fausses d\u00e9clarations ou \u00e0 la fraude de soci\u00e9t\u00e9s cot\u00e9es.<\/p>\n<\/div>\n<div>\n<h3>L&rsquo;importance de la protection mondiale des investisseurs<\/h3>\n<p>Les d\u00e9veloppements r\u00e9cents dans les tribunaux am\u00e9ricains, limitant l&rsquo;inclusion de r\u00e9clamations d&rsquo;investisseurs non-am\u00e9ricains, ou de r\u00e9clamations relatives \u00e0 des titres non-am\u00e9ricains, dans des recours collectifs am\u00e9ricains, a attir\u00e9 davantage l&rsquo;attention sur le recouvrement de pertes hors des \u00c9tats-Unis.<\/p>\n<p>Par ailleurs, les investisseurs institutionnels ont appris que le d\u00e9p\u00f4t et le suivi de r\u00e9clamations dans le cadre de r\u00e8glements de recours collectifs am\u00e9ricains et canadiens ne suffisait plus \u00e0 se pr\u00e9munir efficacement contre la fraude mondiale en valeurs mobili\u00e8res. Ceci est en partie d\u00fb au manque d&rsquo;options v\u00e9ritables de recours collectif pour les investisseurs hors des \u00c9tats-Unis ou du Canada.<\/p>\n<p>Hors de ces pays, l&rsquo;attitude qui consiste \u00e0 se contenter d&rsquo;attendre le r\u00e9sultat des recours d\u00e9bouche le plus souvent sur l&rsquo;expiration du d\u00e9lai de prescription et l&rsquo;exclusion de ces investisseurs de tout recouvrement. En cons\u00e9quence, les investisseurs proactifs se sont de plus en plus tourn\u00e9s vers les litiges non-am\u00e9ricains. Au m\u00eame moment, les investisseurs ont \u00e9galement particip\u00e9 avec plus d&rsquo;opportunisme \u00e0 des recours collectifs am\u00e9ricains \u00e0 option d&rsquo;exclusion. En somme, l&rsquo;engagement actif dans les recours en recouvrement de pertes est devenu un nouveau moyen de g\u00e9n\u00e9rer du Legal Alpha.<sup>SM<\/sup>.<\/p>\n<\/div>\n<div>\n<h5>Surveillance et recherche<\/h5>\n<ul>\n<li>Syst\u00e8me mondial de surveillance d&rsquo;opportunit\u00e9s de recouvrement<\/li>\n<li>Amples capacit\u00e9s de recherche y compris analytique \u00e9conomique et l\u00e9gale<\/li>\n<li>Analystes des donn\u00e9es comp\u00e9tents et exp\u00e9riment\u00e9s pour d\u00e9terminer les dommages<\/li>\n<li>Capacit\u00e9 de travailler avec les clients sur des t\u00e9l\u00e9chargements de donn\u00e9es historiques pour tous les titres ou pour des soumissions de transactions individuelles par dossier, y compris une capacit\u00e9 d&rsquo;interfa\u00e7age avec des d\u00e9positaires ou des prestataires de services de back-office pour minimiser les interactions et les efforts des clients dans ce processus.<\/li>\n<\/ul>\n<\/div>\n<div>\n<h5>Repr\u00e9sentation active<\/h5>\n<ul>\n<li>Repr\u00e9sentation aux \u00c9tats-Unis et au Canada dans des situations sp\u00e9ciales<\/li>\n<li>Repr\u00e9sentation dans des options alternatives de recouvrement pour des syst\u00e8mes sans recours collectif \u00e0 travers le monde<\/li>\n<li>Structure attrayante, r\u00e9mun\u00e9ration au r\u00e9sultat, repr\u00e9sentation sans risque pour les clients<\/li>\n<li>Mod\u00e8les de frais personnalis\u00e9s et flexibles, y compris des tarifs fixes ou bas\u00e9s sur les r\u00e9sultats.<\/li>\n<\/ul>\n<\/div>\n<div>\n<h5>Service et outils<\/h5>\n<ul>\n<li>Outils de reporting complets et personnalisables<\/li>\n<li>Portail Web client multi-facettes<\/li>\n<li>Service client personnalis\u00e9 et taill\u00e9 sur mesure, avec des visites sur place \u00e0 des fins didactiques<\/li>\n<li>Tables-rondes p\u00e9riodiques d&rsquo;investisseurs institutionnels dans divers pays \u00e0 travers le monde<\/li>\n<li>Conf\u00e9rences annuelles d&rsquo;une journ\u00e9e aux \u00c9tats-Unis et en Allemagne<\/li>\n<li>Assistance dans le d\u00e9veloppement d&rsquo;une politique interne de recours collectifs mondiaux<\/li>\n<\/ul>\n<\/div>\n<\/div>\n","protected":false},"excerpt":{"rendered":"<p>Pourquoi choisir les services de DRRT de protection mondiale des investisseurs? DRRT a fait \u0153uvre de pionnier dans la protection&hellip; <\/p>\n","protected":false},"author":1,"featured_media":0,"parent":660,"menu_order":0,"comment_status":"closed","ping_status":"closed","template":"","meta":{"_acf_changed":false,"footnotes":""},"class_list":["post-705","page","type-page","status-publish","hentry"],"acf":[],"_links":{"self":[{"href":"https:\/\/drrt.com\/fr\/wp-json\/wp\/v2\/pages\/705","targetHints":{"allow":["GET"]}}],"collection":[{"href":"https:\/\/drrt.com\/fr\/wp-json\/wp\/v2\/pages"}],"about":[{"href":"https:\/\/drrt.com\/fr\/wp-json\/wp\/v2\/types\/page"}],"author":[{"embeddable":true,"href":"https:\/\/drrt.com\/fr\/wp-json\/wp\/v2\/users\/1"}],"replies":[{"embeddable":true,"href":"https:\/\/drrt.com\/fr\/wp-json\/wp\/v2\/comments?post=705"}],"version-history":[{"count":3,"href":"https:\/\/drrt.com\/fr\/wp-json\/wp\/v2\/pages\/705\/revisions"}],"predecessor-version":[{"id":2343,"href":"https:\/\/drrt.com\/fr\/wp-json\/wp\/v2\/pages\/705\/revisions\/2343"}],"up":[{"embeddable":true,"href":"https:\/\/drrt.com\/fr\/wp-json\/wp\/v2\/pages\/660"}],"wp:attachment":[{"href":"https:\/\/drrt.com\/fr\/wp-json\/wp\/v2\/media?parent=705"}],"curies":[{"name":"wp","href":"https:\/\/api.w.org\/{rel}","templated":true}]}}