{"id":690,"date":"2017-10-23T13:56:49","date_gmt":"2017-10-23T13:56:49","guid":{"rendered":"https:\/\/drrt.com\/our-firm\/overview\/"},"modified":"2020-10-08T06:53:00","modified_gmt":"2020-10-08T06:53:00","slug":"overview","status":"publish","type":"page","link":"https:\/\/drrt.com\/fr\/our-firm\/overview\/","title":{"rendered":"Overview"},"content":{"rendered":"<div class=\"sec-content\">\n<div class=\"col-md-6 col-sm-6 left-section\">\n<p>Leader sur le march\u00e9 de l&rsquo;industrie de la r\u00e9cup\u00e9ration globale des pertes, <span class=\"heilight-txt\">DRRT<\/span> est un cabinet d&rsquo;avocats international port\u00e9 au travail ax\u00e9 sur sa client\u00e8le et respect\u00e9 pour le soutien dans les recours collectifs et actions de groupes.<\/p>\n<p><span class=\"heilight-txt\">DRRT<\/span> est dans une position unique pour servir les investisseurs institutionnels s&rsquo;appliquant \u00e0 tous les aspects du recouvrement des pertes: analyser, financer, g\u00e9rer et superviser les litiges et l&rsquo;arbitrage en mati\u00e8re de valeurs mobili\u00e8res ainsi que d\u00e9poser des r\u00e9clamations dans les r\u00e8glements mondiaux.<\/p>\n<\/div>\n<div class=\"col-md-6 col-sm-6 overview-video\">\n<iframe loading=\"lazy\" width=\"355\" height=\"220\" src=\"https:\/\/www.youtube.com\/embed\/INiIScx8C0g?rel=0&#038;showinfo=0&#038;autoplay=1&#038;hl=fr&#038;cc_lang_pref=fr&#038;cc_load_policy=1&#038;mute=1&#038;=fr_FR&#038;fs=1\"><\/iframe><\/p>\n<p>Chez DRRT, nous nous effor\u00e7ons d&rsquo;offrir le meilleur service \u00e0 nos clients. <strong>Venez faire une visite virtuelle.<\/strong><\/p>\n<\/div>\n<\/div>\n","protected":false},"excerpt":{"rendered":"<p>Leader sur le march\u00e9 de l&rsquo;industrie de la r\u00e9cup\u00e9ration globale des pertes, DRRT est un cabinet d&rsquo;avocats international port\u00e9 au&hellip; <\/p>\n","protected":false},"author":1,"featured_media":0,"parent":660,"menu_order":0,"comment_status":"closed","ping_status":"closed","template":"page-overview.php","meta":{"_acf_changed":false,"footnotes":""},"class_list":["post-690","page","type-page","status-publish","hentry"],"acf":[],"_links":{"self":[{"href":"https:\/\/drrt.com\/fr\/wp-json\/wp\/v2\/pages\/690","targetHints":{"allow":["GET"]}}],"collection":[{"href":"https:\/\/drrt.com\/fr\/wp-json\/wp\/v2\/pages"}],"about":[{"href":"https:\/\/drrt.com\/fr\/wp-json\/wp\/v2\/types\/page"}],"author":[{"embeddable":true,"href":"https:\/\/drrt.com\/fr\/wp-json\/wp\/v2\/users\/1"}],"replies":[{"embeddable":true,"href":"https:\/\/drrt.com\/fr\/wp-json\/wp\/v2\/comments?post=690"}],"version-history":[{"count":5,"href":"https:\/\/drrt.com\/fr\/wp-json\/wp\/v2\/pages\/690\/revisions"}],"predecessor-version":[{"id":6869,"href":"https:\/\/drrt.com\/fr\/wp-json\/wp\/v2\/pages\/690\/revisions\/6869"}],"up":[{"embeddable":true,"href":"https:\/\/drrt.com\/fr\/wp-json\/wp\/v2\/pages\/660"}],"wp:attachment":[{"href":"https:\/\/drrt.com\/fr\/wp-json\/wp\/v2\/media?parent=690"}],"curies":[{"name":"wp","href":"https:\/\/api.w.org\/{rel}","templated":true}]}}