{"id":675,"date":"2017-10-23T14:03:42","date_gmt":"2017-10-23T14:03:42","guid":{"rendered":"https:\/\/drrt.com\/our-firm\/drrt-advantages\/"},"modified":"2017-11-10T14:52:04","modified_gmt":"2017-11-10T14:52:04","slug":"drrt-advantages","status":"publish","type":"page","link":"https:\/\/drrt.com\/fr\/our-firm\/drrt-advantages\/","title":{"rendered":"DRRT Advantages"},"content":{"rendered":"<h3>Qu&rsquo;est-ce qui nous diff\u00e9rencie des autres cabinets?<\/h3>\n<p>Nous sommes r\u00e9put\u00e9s pour notre capacit\u00e9 \u00e0 explorer de nouvelles juridictions et \u00e0 \u00e9laborer des approches et solutions cr\u00e9atives pour obtenir ce qui compte le plus pour nos clients : La protection de leurs actifs, des indemnisations justes contre la fraude et les violations de l&rsquo;obligation de transparence des soci\u00e9t\u00e9s, et des am\u00e9liorations de la gouvernance d&rsquo;entreprise chez les soci\u00e9t\u00e9s cot\u00e9es visant \u00e0 supprimer les fausses d\u00e9clarations aux actionnaires. Nous compl\u00e9mentons cela par une activit\u00e9 de financement de litiges destin\u00e9e \u00e0 \u00e9liminer les risques et les co\u00fbts pour nos clients.<\/p>\n<h3>Comment DRRT excelle dans le service \u00e0 la client\u00e8le?<\/h3>\n<div>\n<ul>\n<li>Nous nous focalisons sur les besoins des clients en concevant des services personnalis\u00e9s r\u00e9pondant sp\u00e9cifiquement \u00e0 la demande des clients et s&rsquo;appuyant sur les dix ann\u00e9es d&rsquo;exp\u00e9rience de DRRT au service des investisseurs institutionnels.<\/li>\n<li>Nous nous effor\u00e7ons de simplifier les d\u00e9marches de nos clients en fournissant une solution de guichet unique et en leur permettant de sous-traiter une grande partie de leur travail (et d&rsquo;externaliser leurs co\u00fbts) aupr\u00e8s d&rsquo;un expert sp\u00e9cialiste.<\/li>\n<li>Nous excellons en mati\u00e8re de satisfaction client parce que nous accordons une priorit\u00e9 absolue aux besoins des clients et que nous veillons continuellement \u00e0 la qualit\u00e9 de nos services en vue de b\u00e2tir des relations durables.<\/li>\n<\/ul>\n<\/div>\n<h3>R\u00e9compenses re\u00e7ues<\/h3>\n<div>\n<ul>\n<li>United States Commerce Association &#8211; <strong>Miami Award &#8211; DRRT Class Action Division<\/strong> &#8211; <em>Three Time Award Winner<\/em><\/li>\n<li><strong>ICFM Law Awards Winner 2011<\/strong><\/li>\n<li>Doing Business &#8211; <strong>IFC (International Finance Corporation \u2013 World Bank Group) Award<\/strong><\/li>\n<li><strong>Corporate INTL Global Awards Winner<\/strong><\/li>\n<li><strong>International Finance Magazine Law Awards<\/strong><\/li>\n<li><strong>Legal Comprehensive Law Award<\/strong><\/li>\n<li>Lawyer Monthly \u2013 <strong>Legal Awards 2016: Securitites Lititgation Law Firm of the Year \u2013 USA<\/strong><\/li>\n<\/ul>\n<\/div>\n<h3>Adh\u00e9sions<\/h3>\n<div class=\"col-md-6 membership-left\">\n<div>\n<ul class=\"list-style\">\n<li>ICGN Shareholder Rights Committee<\/li>\n<li>French-American Chamber of Commerce of Florida<\/li>\n<li>National Association of Corporate Directors (NACD)<br \/>&#8211;   Board Leadership and Governance Fellow<\/li>\n<li>International Association of Jurists (Associazione Internazionale Giuristi di Lingua Italiana) (AIGLI)<\/li>\n<li>German Bar Association (Deutscher Anwaltverein) (DAV)<\/li>\n<li>The Florida Bar\n<ul class=\"ul-list\">\n<li>Executive Council<\/li>\n<li>International Law Section<\/li>\n<li>International Law Board Certification Committee<\/li>\n<\/ul>\n<\/li>\n<\/ul>\n<\/div>\n<\/div>\n<div class=\"col-md-6 membership-right\">\n<div>\n<ul class=\"list-style\">\n<li>Totalbank Board of Directors<\/li>\n<li>Board of Trustees of The American University of Rome<\/li>\n<li>CONSULEGIS (International Network of Law Firms)<br \/>&#8211; International Lawyer<\/li>\n<li>German-American Lawyers&rsquo; Association (Deutsch-Amerikanische Juristenvereinigung) (DAJV)<\/li>\n<li>International Association of Young Lawyers (Association Internationale des Jeunes Avocats) (AIJA)\n<ul class=\"ul-list\">\n<li>Member of the Commercial Fraud Commission<\/li>\n<li>Member of the Banking, Finance &#038; Capital Markets Law Commission<\/li>\n<li>Arbitration Commission Member<\/li>\n<\/ul>\n<\/li>\n<\/ul>\n<\/div>\n<\/div>\n","protected":false},"excerpt":{"rendered":"<p>Qu&rsquo;est-ce qui nous diff\u00e9rencie des autres cabinets? Nous sommes r\u00e9put\u00e9s pour notre capacit\u00e9 \u00e0 explorer de nouvelles juridictions et \u00e0&hellip; <\/p>\n","protected":false},"author":1,"featured_media":0,"parent":660,"menu_order":0,"comment_status":"closed","ping_status":"closed","template":"","meta":{"_acf_changed":false,"footnotes":""},"class_list":["post-675","page","type-page","status-publish","hentry"],"acf":[],"_links":{"self":[{"href":"https:\/\/drrt.com\/fr\/wp-json\/wp\/v2\/pages\/675","targetHints":{"allow":["GET"]}}],"collection":[{"href":"https:\/\/drrt.com\/fr\/wp-json\/wp\/v2\/pages"}],"about":[{"href":"https:\/\/drrt.com\/fr\/wp-json\/wp\/v2\/types\/page"}],"author":[{"embeddable":true,"href":"https:\/\/drrt.com\/fr\/wp-json\/wp\/v2\/users\/1"}],"replies":[{"embeddable":true,"href":"https:\/\/drrt.com\/fr\/wp-json\/wp\/v2\/comments?post=675"}],"version-history":[{"count":1,"href":"https:\/\/drrt.com\/fr\/wp-json\/wp\/v2\/pages\/675\/revisions"}],"predecessor-version":[{"id":1130,"href":"https:\/\/drrt.com\/fr\/wp-json\/wp\/v2\/pages\/675\/revisions\/1130"}],"up":[{"embeddable":true,"href":"https:\/\/drrt.com\/fr\/wp-json\/wp\/v2\/pages\/660"}],"wp:attachment":[{"href":"https:\/\/drrt.com\/fr\/wp-json\/wp\/v2\/media?parent=675"}],"curies":[{"name":"wp","href":"https:\/\/api.w.org\/{rel}","templated":true}]}}