{"id":570,"date":"2017-10-24T15:31:09","date_gmt":"2017-10-24T15:31:09","guid":{"rendered":"https:\/\/drrt.com\/areas-of-expertise\/institutional-claims-filing-2\/"},"modified":"2017-11-17T13:31:45","modified_gmt":"2017-11-17T13:31:45","slug":"institutional-claims-filing","status":"publish","type":"page","link":"https:\/\/drrt.com\/fr\/areas-of-expertise\/institutional-claims-filing\/","title":{"rendered":"D\u00e9p\u00f4t mondial de r\u00e9clamations"},"content":{"rendered":"<h3>Chaque ann\u00e9e des investisseurs qualifi\u00e9s laissent sur la table des milliards de dollars am\u00e9ricains (ou autres devises) car ils n&rsquo;ont pas l&rsquo;expertise ou les processus internes n\u00e9cessaires pour d\u00e9poser correctement les r\u00e9clamations ou corriger les d\u00e9ficiences en temps voulu. Beaucoup d&rsquo;investisseurs institutionnels n&rsquo;ont pas les ressources et l&rsquo;expertise pour prendre en charge ce travail tr\u00e8s intensif en main d&rsquo;\u0153uvre et tr\u00e8s consommateur de temps. DRRT est \u00e0 m\u00eame de s&rsquo;occuper de tout cela.<\/h3>\n<p>Le service mondial de d\u00e9p\u00f4t de r\u00e9clamations de DRRT garantit une couverture compl\u00e8te de tous les r\u00e8glements de recours collectifs en valeurs mobili\u00e8res, des r\u00e8glements de restitutions impos\u00e9s par la Securities Exchange Commission (SEC), des opportunit\u00e9s mondiales de r\u00e9clamations de r\u00e8glement collectif (comme par exemple les r\u00e8glements en Australie et aux Pays-Bas) aussi bien que des grands dossiers internationaux d&rsquo;insolvabilit\u00e9. Le service mondial de d\u00e9p\u00f4t de r\u00e9clamations de DRRT a un parcours \u00e9prouv\u00e9 dans la collecte, la comptabilit\u00e9, le reporting et le d\u00e9caissement de fonds \u00e0 destination des investisseurs institutionnels, puisqu&rsquo;il a d\u00e9j\u00e0 obtenu plus d&rsquo;un milliard de dollars am\u00e9ricains en mati\u00e8re de recouvrements pour diverses affaires aux \u00c9tats-Unis, au Canada, en Australie, aux Pays-Bas, en Allemagne et au Japon.<\/p>\n<p>Nos clients appr\u00e9cient l&rsquo;opportunit\u00e9 de sous-traiter \u00e0 DRRT ces activit\u00e9s gourmandes en personnel et consommatrices de temps, mais \u00e9galement risqu\u00e9es et non centrales pour eux, et cela leur permet d&rsquo;accomplir leurs devoirs fiduciaires tout en consacrant leurs ressources internes exclusivement \u00e0 leur c\u0153ur de m\u00e9tier. Dans beaucoup de cas, les frais pay\u00e9s pour sous-traiter des activit\u00e9s non centrales \u00e0 des prestataires de services de d\u00e9p\u00f4t de r\u00e9clamations peuvent \u00eatre r\u00e9percut\u00e9s aux b\u00e9n\u00e9ficiaires ultimes, \u00e0 savoir les fonds communs de placement et les comptes d&rsquo;investissement.<\/p>\n<h2>Le service mondial de d\u00e9p\u00f4t de r\u00e9clamations de DRRT inclut<\/h2>\n<h4>Surveillance proactive de portefeuille (Pro-Active Portfolio MonitoringSM, PPM)<\/h4>\n<p>Notre syst\u00e8me automatis\u00e9 PPM examine m\u00e9ticuleusement votre portefeuille d&rsquo;investissements pour y d\u00e9celer des titres donnant lieu \u00e9ventuellement \u00e0 des opportunit\u00e9s pertinentes de recouvrement de pertes \u00e0 l&rsquo;\u00e9chelle mondiale, en s&rsquo;assurant de ne n\u00e9gliger aucune opportunit\u00e9 de paiement et aucun dossier. DRRT est \u00e0 m\u00eame de travailler avec les clients sur les t\u00e9l\u00e9chargements de donn\u00e9es historiques pour tous les titres ou pour des transactions individuelles pour une affaire donn\u00e9e. Nous assurons le lien avec les d\u00e9positaires ou les prestataires de services de back-office afin de minimiser les efforts et les pertes de temps des clients au cours de ce processus.<\/p>\n<h4>D\u00e9p\u00f4t de r\u00e9clamations de r\u00e8glement de recours collectifs en valeurs mobili\u00e8res au niveau mondial<\/h4>\n<p>Apr\u00e8s avoir identifi\u00e9 un ou plusieurs titres affect\u00e9s dans votre portefeuille, nous examinerons vos investissements fonds par fonds et transaction par transaction pour chaque dossier individuel en vue du d\u00e9p\u00f4t de r\u00e9clamation. Notre \u00e9quipe d&rsquo;experts chevronn\u00e9s des d\u00e9p\u00f4ts de r\u00e9clamations et d&rsquo;analystes des donn\u00e9es traitera toutes les donn\u00e9es de transaction en conformit\u00e9 absolue avec les exigences du dossier en question et des administrateurs de r\u00e9clamations, et d\u00e9posera en temps opportun une r\u00e9clamation compl\u00e8te afin d&rsquo;obtenir un recouvrement maximal. D\u00e9p\u00f4t de r\u00e9clamations en insolvabilit\u00e9: Outre le d\u00e9p\u00f4t de r\u00e9clamations dans des recours collectifs en valeurs mobili\u00e8res au niveau mondial et les r\u00e8glements SEC, DRRT offre aussi le d\u00e9p\u00f4t de r\u00e9clamations dans des cas d&rsquo;insolvabilit\u00e9. Ces affaires sont habituellement s\u00e9lectionn\u00e9es par notre \u00e9quipe en fonction des actifs de la soci\u00e9t\u00e9 qui entame un processus d&rsquo;insolvabilit\u00e9. Parmi les dossiers que DRRT a trait\u00e9s avec succ\u00e8s aux \u00c9tats-Unis et en Europe, on peut citer l&rsquo;insolvabilit\u00e9 de Lehman Brothers (Lehman Brothers Holdings Inc., Lehman Brothers International (Europe)), les insolvabilit\u00e9s de Madoff et de Stanford et les dossiers y aff\u00e9rents aux \u00c9tats-Unis et en Europe, ainsi que l&rsquo;insolvabilit\u00e9 Esp\u00edrito Santo (essentiellement Esp\u00edrito Santo Financial Group Luxembourg, S.A.). <\/p>\n<h4>R\u00e8glements de Fondation n\u00e9erlandaise<\/h4>\n<p>DRRT a accumul\u00e9 une expertise approfondie des proc\u00e9dures et r\u00e8glements de fondations n\u00e9erlandaises dans le cadre du r\u00e9gime de r\u00e8glement collectif n\u00e9erlandais (WCAM ou Wet collectieve afwikkeling van massaschades), y compris en \u00e9tablissant des fondations, en pr\u00e9parant des concepts d&rsquo;honoraires au r\u00e9sultat et sans risque et en entamant des poursuites en responsabilit\u00e9 pr\u00e9-r\u00e8glement. DRRT a enregistr\u00e9 des milliers d&rsquo;investisseurs institutionnels participant \u00e0 des fondations de r\u00e8glement n\u00e9erlandaises (p.ex. Royal Dutch Shell, EADS, Fortis, BP, Tesco, SNS, Royal Imtech, et Libor) pouvant entrer dans le cadre de r\u00e8glements collectifs ex\u00e9cutoires au caract\u00e8re de jugement pan-europ\u00e9en en vertu du r\u00e9gime WCAM. Pendant la phase post\u00e9rieure au r\u00e8glement de recours collectifs, nous assistons \u00e9galement les investisseurs institutionnels dans le d\u00e9p\u00f4t de r\u00e9clamations pour leur quote-part de fonds de r\u00e8glement, processus similaire \u00e0 l&rsquo;administration de r\u00e9clamations de recours collectifs aux \u00c9tats-Unis.<\/p>\n<h4>R\u00e8glements de recours collectifs australiens<\/h4>\n<p>DRRT surveille tous les recours collectifs australiens et maintien des relations \u00e9troites avec les plus importants cabinets juridiques et financeurs de litiges australiens impliqu\u00e9s dans l&rsquo;initiation de recours collectifs sur une base financ\u00e9e mais anonyme et sans risque. Nous \u00e9valuons soigneusement les termes et d\u00e9tails de chaque recours collectif et nous compl\u00e9tons la documentation requise pour la participation de nos clients au r\u00e8glement. Nos clients b\u00e9n\u00e9ficient de l&rsquo;expertise de DRRT acquise en Australie dans le domaine juridique et des d\u00e9p\u00f4ts de r\u00e9clamations, ce qui leur \u00e9vite tout fardeau financier mais aussi tout risque de r\u00e9putation en lien avec ces r\u00e8glements. DRRT s&rsquo;occupe des recours collectifs australiens, depuis la documentation et le d\u00e9p\u00f4t pr\u00e9-r\u00e8glement jusqu&rsquo;au d\u00e9caissement et \u00e0 la collecte de fonds des clients sur la base des meilleurs taux de financement, qui sont disponibles aux clients de DRRT gr\u00e2ce \u00e0 la force collective des clients de DRRT concern\u00e9s.<\/p>\n<h2>Special Features and Advantages<\/h2>\n<h4>Recherche financi\u00e8re et analyse des donn\u00e9es<\/h4>\n<p>Nos experts hautement sp\u00e9cialis\u00e9s dans le d\u00e9p\u00f4t de r\u00e9clamations et nos analystes des donn\u00e9es sont \u00e9quip\u00e9s des technologies les plus r\u00e9centes pour mener des recherches financi\u00e8res de grande ampleur, \u00e9laborer des mod\u00e8les statistiques et r\u00e9aliser des analyses de donn\u00e9es d&rsquo;investissement, des \u00e9valuations de la performance de titres et d\u00e9velopper des m\u00e9thodologies relatives aux dommages et aux calculs des pertes reconnues. Surveillance des r\u00e9clamations Nous surveillons et suivons de pr\u00e8s la vie de chaque r\u00e9clamation et fournissons \u00e0 nos clients un acc\u00e8s direct \u00e0 notre syst\u00e8me afin qu&rsquo;ils puissent d&rsquo;examiner l&rsquo;\u00e9tat de chaque r\u00e9clamation, y compris le num\u00e9ro, les pertes, le taux de prorata, les montants des distributions, ainsi que d&rsquo;autres informations pertinentes.<\/p>\n<h4>S\u00e9curit\u00e9 et protection des donn\u00e9es<\/h4>\n<p>Nous respectons les normes de s\u00e9curit\u00e9 les plus strictes et les cadres des Sph\u00e8res de s\u00e9curit\u00e9 (Safe Harbor) \u00c9tats-Unis-UE et \u00c9tats-Unis-Suisse comme d\u00e9finis par le D\u00e9partement am\u00e9ricain du commerce pour ce qui est de la collecte, l&rsquo;utilisation et la r\u00e9tention de renseignements personnels issus des pays membres de l&rsquo;Union europ\u00e9enne et de la Suisse. Nous certifions que nous adh\u00e9rons aux principes de la Sph\u00e8re de s\u00e9curit\u00e9 en mati\u00e8re de notifications, de choix, de transfert subs\u00e9quent, de s\u00e9curit\u00e9, d&rsquo;int\u00e9grit\u00e9 des donn\u00e9es, d&rsquo;acc\u00e8s et de mise en application. Nous proposons \u00e0 nos clients diff\u00e9rentes m\u00e9thodes pour \u00e9changer des donn\u00e9es en toute s\u00e9curit\u00e9, notamment Winzip ou le cryptage SEPPmail et l&rsquo;acc\u00e8s \u00e0 un serveur FTP.<\/p>\n<h4>Rapports clients et portail Web<\/h4>\n<p>Nous fournissons de nombreux outils de reporting qui sont ais\u00e9ment accessibles \u00e0 travers des portails s\u00e9curis\u00e9s et d\u00e9di\u00e9s aux clients sur notre site Web. Le portail est personnalis\u00e9 selon vos besoins et fournit toutes les informations pertinentes sur vos r\u00e9clamations et sur l&rsquo;avancement des dossiers qui vous concernent. <\/p>\n<h4>Des mod\u00e8les attrayants \u00e0 frais flexibles<\/h4>\n<p>Nous avons la capacit\u00e9 d&rsquo;offrir des mod\u00e8les attrayants \u00e0 frais flexibles qui r\u00e9pondent \u00e0 vos besoins individuels et tiennent compte de vos param\u00e8tres sp\u00e9cifiques.<\/p>\n<h4>Personnalisation<\/h4>\n<p>Nous sommes reconnus pour nos services hautement personnalis\u00e9s et focalis\u00e9s sur nos clients. Nous attachons de la valeur aux relations que nous b\u00e2tissons avec nos clients et assignons \u00e0 chacun d&rsquo;entre eux un sp\u00e9cialiste d\u00e9di\u00e9 qui \u00e9tudiera minutieusement les caract\u00e9ristiques des donn\u00e9es de transactions afin de permettre un recouvrement maximal et \u00e9viter des questions de l&rsquo;administrateur de r\u00e9clamations, questions qui en g\u00e9n\u00e9ral retardent le processus de recouvrement et conduisent \u00e0 des paiements r\u00e9duits si elles ne sont pas trait\u00e9es dans de brefs d\u00e9lais.<\/p>\n","protected":false},"excerpt":{"rendered":"<p>Chaque ann\u00e9e des investisseurs qualifi\u00e9s laissent sur la table des milliards de dollars am\u00e9ricains (ou autres devises) car ils n&rsquo;ont&hellip; <\/p>\n","protected":false},"author":1,"featured_media":0,"parent":540,"menu_order":0,"comment_status":"closed","ping_status":"closed","template":"","meta":{"_acf_changed":false,"footnotes":""},"class_list":["post-570","page","type-page","status-publish","hentry"],"acf":[],"_links":{"self":[{"href":"https:\/\/drrt.com\/fr\/wp-json\/wp\/v2\/pages\/570","targetHints":{"allow":["GET"]}}],"collection":[{"href":"https:\/\/drrt.com\/fr\/wp-json\/wp\/v2\/pages"}],"about":[{"href":"https:\/\/drrt.com\/fr\/wp-json\/wp\/v2\/types\/page"}],"author":[{"embeddable":true,"href":"https:\/\/drrt.com\/fr\/wp-json\/wp\/v2\/users\/1"}],"replies":[{"embeddable":true,"href":"https:\/\/drrt.com\/fr\/wp-json\/wp\/v2\/comments?post=570"}],"version-history":[{"count":3,"href":"https:\/\/drrt.com\/fr\/wp-json\/wp\/v2\/pages\/570\/revisions"}],"predecessor-version":[{"id":2162,"href":"https:\/\/drrt.com\/fr\/wp-json\/wp\/v2\/pages\/570\/revisions\/2162"}],"up":[{"embeddable":true,"href":"https:\/\/drrt.com\/fr\/wp-json\/wp\/v2\/pages\/540"}],"wp:attachment":[{"href":"https:\/\/drrt.com\/fr\/wp-json\/wp\/v2\/media?parent=570"}],"curies":[{"name":"wp","href":"https:\/\/api.w.org\/{rel}","templated":true}]}}