{"id":565,"date":"2017-10-30T05:36:39","date_gmt":"2017-10-30T05:36:39","guid":{"rendered":"https:\/\/drrt.com\/areas-of-expertise\/global-securities-litigation\/u-s-and-canadian-securities-litigation\/"},"modified":"2017-11-10T18:18:19","modified_gmt":"2017-11-10T18:18:19","slug":"u-s-and-canadian-securities-litigation","status":"publish","type":"page","link":"https:\/\/drrt.com\/fr\/areas-of-expertise\/global-securities-litigation\/u-s-and-canadian-securities-litigation\/","title":{"rendered":"Litiges en valeurs mobili\u00e8res aux \u00c9tats-Unis et au Canada"},"content":{"rendered":"<h3>Litiges en valeurs mobili\u00e8res aux \u00c9tats-Unis et au Canada<\/h3>\n<p>Malgr\u00e9 les r\u00e9glementations strictes qui encadrent les soci\u00e9t\u00e9s cot\u00e9es sur les march\u00e9s boursiers dans le monde entier, il existe une multitude d&rsquo;affaires de violation des lois r\u00e9gissant les valeurs mobili\u00e8res, notamment aux \u00c9tats-Unis. S&rsquo;il est vrai que les entit\u00e9s responsables de l&rsquo;application des lois jouent leur r\u00f4le, les litiges individuels se sont av\u00e9r\u00e9s tr\u00e8s efficaces et fructueux aux \u00c9tats-Unis et au Canada, pays o\u00f9 les recours collectifs sont possibles.<\/p>\n<p>Dans les seuls \u00c9tats-Unis, il y a eu en moyenne 150 recours collectifs en valeurs mobili\u00e8res par an ayant trait \u00e0 des soci\u00e9t\u00e9s am\u00e9ricaines ou autres et relatifs \u00e0 des titres am\u00e9ricains aussi bien que d&rsquo;autres pays.<\/p>\n<p>Le nombre de proc\u00e9dures engag\u00e9es contre des soci\u00e9t\u00e9s am\u00e9ricaines reste au-dessus de 100 par an, malgr\u00e9 les changements introduits depuis 2010 par l&rsquo;arr\u00eat dans l&rsquo;affaire Morrison v National Australia Bank.<\/p>\n<p>Les m\u00e9thodes dites passives de recouvrement via le d\u00e9p\u00f4t de r\u00e9clamation de r\u00e8glement dans des affaires de valeurs mobili\u00e8res constituent un moyen ais\u00e9 et s\u00fbr de recouvrement de pertes. Pour autant, l&rsquo;approche proactive via des affaires actives ou des recours collectifs \u00e0 option d&rsquo;exclusion a d\u00e9montr\u00e9 sa capacit\u00e9 \u00e0 augmenter les recouvrements. Cette approche est indiqu\u00e9e, au cas par cas, lorsque les pertes sont tr\u00e8s \u00e9lev\u00e9es.<\/p>\n<p>Nos avocats ont repr\u00e9sent\u00e9 avec succ\u00e8s des investisseurs institutionnels dans des recours collectifs et des proc\u00e9dures individuelles en Am\u00e9rique du Nord pendant plus d&rsquo;une d\u00e9cennie.<\/p>\n","protected":false},"excerpt":{"rendered":"<p>Litiges en valeurs mobili\u00e8res aux \u00c9tats-Unis et au Canada Malgr\u00e9 les r\u00e9glementations strictes qui encadrent les soci\u00e9t\u00e9s cot\u00e9es sur les&hellip; <\/p>\n","protected":false},"author":1,"featured_media":0,"parent":545,"menu_order":0,"comment_status":"closed","ping_status":"closed","template":"","meta":{"_acf_changed":false,"footnotes":""},"class_list":["post-565","page","type-page","status-publish","hentry"],"acf":[],"_links":{"self":[{"href":"https:\/\/drrt.com\/fr\/wp-json\/wp\/v2\/pages\/565","targetHints":{"allow":["GET"]}}],"collection":[{"href":"https:\/\/drrt.com\/fr\/wp-json\/wp\/v2\/pages"}],"about":[{"href":"https:\/\/drrt.com\/fr\/wp-json\/wp\/v2\/types\/page"}],"author":[{"embeddable":true,"href":"https:\/\/drrt.com\/fr\/wp-json\/wp\/v2\/users\/1"}],"replies":[{"embeddable":true,"href":"https:\/\/drrt.com\/fr\/wp-json\/wp\/v2\/comments?post=565"}],"version-history":[{"count":2,"href":"https:\/\/drrt.com\/fr\/wp-json\/wp\/v2\/pages\/565\/revisions"}],"predecessor-version":[{"id":1253,"href":"https:\/\/drrt.com\/fr\/wp-json\/wp\/v2\/pages\/565\/revisions\/1253"}],"up":[{"embeddable":true,"href":"https:\/\/drrt.com\/fr\/wp-json\/wp\/v2\/pages\/545"}],"wp:attachment":[{"href":"https:\/\/drrt.com\/fr\/wp-json\/wp\/v2\/media?parent=565"}],"curies":[{"name":"wp","href":"https:\/\/api.w.org\/{rel}","templated":true}]}}