{"id":560,"date":"2017-10-30T05:51:15","date_gmt":"2017-10-30T05:51:15","guid":{"rendered":"https:\/\/drrt.com\/areas-of-expertise\/global-securities-litigation\/international-securities-litigation\/"},"modified":"2017-11-10T18:20:47","modified_gmt":"2017-11-10T18:20:47","slug":"international-securities-litigation","status":"publish","type":"page","link":"https:\/\/drrt.com\/fr\/areas-of-expertise\/global-securities-litigation\/international-securities-litigation\/","title":{"rendered":"Litiges internationaux en valeurs mobili\u00e8res"},"content":{"rendered":"<h3>Litiges internationaux en valeurs mobili\u00e8res<\/h3>\n<p>Bien que les titulaires d&rsquo;actifs puissent confier \u00e0 des prestataires de services le traitement des d\u00e9p\u00f4ts de preuves de r\u00e9clamations pour des r\u00e8glements de recours collectifs aux \u00c9tats-Unis (et au Canada), ce processus n&rsquo;est en g\u00e9n\u00e9ral pas disponible en dehors du syst\u00e8me nord-am\u00e9ricain de recours collectifs. Afin de recouvrer des pertes et d&rsquo;obtenir des indemnisations appropri\u00e9es, il est n\u00e9cessaire que les investisseurs entament des proc\u00e9dures actives dans ces juridictions autres que nord-am\u00e9ricaines.<\/p>\n<p>Notre exp\u00e9rience au premier rang de l&rsquo;industrie et notre compr\u00e9hension approfondie des principes l\u00e9gaux, de la l\u00e9gislation et des r\u00e9glementations applicables aux litiges en valeurs mobili\u00e8res dans des juridictions \u00e9trang\u00e8res cl\u00e9 font de nous un partenaire de choix pour le traitement des affaires de recouvrement de pertes des investisseurs \u00e0 l&rsquo;\u00e9chelle mondiale.<\/p>\n<p>Nous avons \u00e9t\u00e9 ou sommes couramment actifs dans des affaires telles que Vivendi, Sky (fka Premiere), Royal Bank of Scotland, Saipem, Fortis, Hypo Real Estate, VW\/Porsche, Petrobras, Takata, Toshiba, Lloyds, Tesco, Banco Esp\u00edrito Santo et Olympus.<\/p>\n","protected":false},"excerpt":{"rendered":"<p>Litiges internationaux en valeurs mobili\u00e8res Bien que les titulaires d&rsquo;actifs puissent confier \u00e0 des prestataires de services le traitement des&hellip; <\/p>\n","protected":false},"author":1,"featured_media":0,"parent":545,"menu_order":0,"comment_status":"closed","ping_status":"closed","template":"","meta":{"_acf_changed":false,"footnotes":""},"class_list":["post-560","page","type-page","status-publish","hentry"],"acf":[],"_links":{"self":[{"href":"https:\/\/drrt.com\/fr\/wp-json\/wp\/v2\/pages\/560","targetHints":{"allow":["GET"]}}],"collection":[{"href":"https:\/\/drrt.com\/fr\/wp-json\/wp\/v2\/pages"}],"about":[{"href":"https:\/\/drrt.com\/fr\/wp-json\/wp\/v2\/types\/page"}],"author":[{"embeddable":true,"href":"https:\/\/drrt.com\/fr\/wp-json\/wp\/v2\/users\/1"}],"replies":[{"embeddable":true,"href":"https:\/\/drrt.com\/fr\/wp-json\/wp\/v2\/comments?post=560"}],"version-history":[{"count":2,"href":"https:\/\/drrt.com\/fr\/wp-json\/wp\/v2\/pages\/560\/revisions"}],"predecessor-version":[{"id":1254,"href":"https:\/\/drrt.com\/fr\/wp-json\/wp\/v2\/pages\/560\/revisions\/1254"}],"up":[{"embeddable":true,"href":"https:\/\/drrt.com\/fr\/wp-json\/wp\/v2\/pages\/545"}],"wp:attachment":[{"href":"https:\/\/drrt.com\/fr\/wp-json\/wp\/v2\/media?parent=560"}],"curies":[{"name":"wp","href":"https:\/\/api.w.org\/{rel}","templated":true}]}}