{"id":555,"date":"2017-10-30T05:52:26","date_gmt":"2017-10-30T05:52:26","guid":{"rendered":"https:\/\/drrt.com\/areas-of-expertise\/global-securities-litigation\/financial-antitrust-litigation\/"},"modified":"2017-11-10T18:21:31","modified_gmt":"2017-11-10T18:21:31","slug":"financial-antitrust-litigation","status":"publish","type":"page","link":"https:\/\/drrt.com\/fr\/areas-of-expertise\/global-securities-litigation\/financial-antitrust-litigation\/","title":{"rendered":"Litiges en mati\u00e8re d&rsquo;Antitrust financier"},"content":{"rendered":"<h3>Litiges en mati\u00e8re d&rsquo;Antitrust financier<\/h3>\n<p>Les manipulations des march\u00e9s financiers ont \u00e9t\u00e9 sur le devant de la sc\u00e8ne ces derni\u00e8res ann\u00e9es. Alors m\u00eame que les investisseurs faisaient confiance \u00e0 l&rsquo;autor\u00e9gulation des march\u00e9s financiers, les banques ont dans les ann\u00e9es r\u00e9centes abus\u00e9 de leur confiance et manipul\u00e9 les march\u00e9s financiers en fixant illicitement leurs taux d&rsquo;int\u00e9r\u00eat pour tirer des profits de transactions indues et\/ou pour donner l&rsquo;impression d&rsquo;avoir une meilleure position financi\u00e8re. Outre le fait que ce comportement viole les r\u00e8gles antitrust, il a occasionn\u00e9 des pertes pour les investisseurs, qui souhaitent \u00e0 pr\u00e9sent obtenir r\u00e9paration.<\/p>\n<p>Suite au scandale LIBOR\/EURIBOR en 2013, DRRT a cr\u00e9\u00e9 une Fondation n\u00e9erlandaise (\u00ab Fonds Stichting d&rsquo;indemnisation des victimes LIBOR\/EURIBOR \u00bb) pour repr\u00e9senter les int\u00e9r\u00eats des investisseurs et des intervenants du march\u00e9 au sens large qui ont p\u00e2ti des manipulations LIBOR\/EURIBOR commises par un panel de banques. La Fondation est pr\u00eate \u00e0 entamer le litige afin d&rsquo;obtenir que le tribunal n\u00e9erlandais d\u00e9clare Rabobank responsable, mais aussi les autres banques coupables de collusion, en vertu de leur responsabilit\u00e9 conjointe et solidaire. DRRT pr\u00e9pare \u00e9galement des proc\u00e9dures s\u00e9par\u00e9es portant sur les r\u00e9clamations de manipulation des swaps sur d\u00e9faillance de cr\u00e9dit (CDS) et du march\u00e9 des changes (Forex).<\/p>\n","protected":false},"excerpt":{"rendered":"<p>Litiges en mati\u00e8re d&rsquo;Antitrust financier Les manipulations des march\u00e9s financiers ont \u00e9t\u00e9 sur le devant de la sc\u00e8ne ces derni\u00e8res&hellip; <\/p>\n","protected":false},"author":1,"featured_media":0,"parent":545,"menu_order":0,"comment_status":"closed","ping_status":"closed","template":"","meta":{"_acf_changed":false,"footnotes":""},"class_list":["post-555","page","type-page","status-publish","hentry"],"acf":[],"_links":{"self":[{"href":"https:\/\/drrt.com\/fr\/wp-json\/wp\/v2\/pages\/555","targetHints":{"allow":["GET"]}}],"collection":[{"href":"https:\/\/drrt.com\/fr\/wp-json\/wp\/v2\/pages"}],"about":[{"href":"https:\/\/drrt.com\/fr\/wp-json\/wp\/v2\/types\/page"}],"author":[{"embeddable":true,"href":"https:\/\/drrt.com\/fr\/wp-json\/wp\/v2\/users\/1"}],"replies":[{"embeddable":true,"href":"https:\/\/drrt.com\/fr\/wp-json\/wp\/v2\/comments?post=555"}],"version-history":[{"count":2,"href":"https:\/\/drrt.com\/fr\/wp-json\/wp\/v2\/pages\/555\/revisions"}],"predecessor-version":[{"id":1256,"href":"https:\/\/drrt.com\/fr\/wp-json\/wp\/v2\/pages\/555\/revisions\/1256"}],"up":[{"embeddable":true,"href":"https:\/\/drrt.com\/fr\/wp-json\/wp\/v2\/pages\/545"}],"wp:attachment":[{"href":"https:\/\/drrt.com\/fr\/wp-json\/wp\/v2\/media?parent=555"}],"curies":[{"name":"wp","href":"https:\/\/api.w.org\/{rel}","templated":true}]}}