{"id":550,"date":"2017-10-30T05:53:23","date_gmt":"2017-10-30T05:53:23","guid":{"rendered":"https:\/\/drrt.com\/areas-of-expertise\/global-securities-litigation\/arbitration-and-alternative-dispute-resolution\/"},"modified":"2017-11-10T18:22:33","modified_gmt":"2017-11-10T18:22:33","slug":"arbitration-and-alternative-dispute-resolution","status":"publish","type":"page","link":"https:\/\/drrt.com\/fr\/areas-of-expertise\/global-securities-litigation\/arbitration-and-alternative-dispute-resolution\/","title":{"rendered":"Arbitrage et modes alternatifs de r\u00e9solution des conflits"},"content":{"rendered":"<h3>Arbitrage et modes alternatifs de r\u00e9solution des conflits<\/h3>\n<p>Les avocats de DRRT ont maintes fois fourni aux clients des conseils sur l&rsquo;arbitrage et les modes alternatifs de r\u00e9solution des conflits et peuvent \u00e0 cet \u00e9gard conseiller les meilleures options de r\u00e8glement extra-judiciaire des diff\u00e9rends. Nous continuons \u00e0 explorer cette voie, et la tendance \u00e0 privil\u00e9gier l&rsquo;arbitrage dans les conflits d&rsquo;actionnaires a gagn\u00e9 du terrain dans plusieurs pays, comme par exemple au Br\u00e9sil avec l&rsquo;affaire Petrobras. Des statuts stipulant une clause attributive de juridiction ont confirm\u00e9s par des tribunaux de plusieurs \u00c9tats am\u00e9ricains, y compris l&rsquo;\u00c9tat du Delaware, et m\u00eame par la Cour supr\u00eame des \u00c9tats-Unis, qui, dans sa d\u00e9cision en 2013 dans l&rsquo;affaire American Express v. Italian Colors Restaurant, a confirm\u00e9 une clause de renonciation \u00e0 des recours collectifs dans un contrat commercial. Le puissant r\u00e9seau international de DRRT et la vaste exp\u00e9rience de ses avocats dans le domaine des litiges et de l&rsquo;arbitrage placent la firme dans une position id\u00e9ale pour traiter ces sc\u00e9narios de r\u00e9solution alternative des conflits.<\/p>\n","protected":false},"excerpt":{"rendered":"<p>Arbitrage et modes alternatifs de r\u00e9solution des conflits Les avocats de DRRT ont maintes fois fourni aux clients des conseils&hellip; <\/p>\n","protected":false},"author":1,"featured_media":0,"parent":545,"menu_order":0,"comment_status":"closed","ping_status":"closed","template":"","meta":{"_acf_changed":false,"footnotes":""},"class_list":["post-550","page","type-page","status-publish","hentry"],"acf":[],"_links":{"self":[{"href":"https:\/\/drrt.com\/fr\/wp-json\/wp\/v2\/pages\/550","targetHints":{"allow":["GET"]}}],"collection":[{"href":"https:\/\/drrt.com\/fr\/wp-json\/wp\/v2\/pages"}],"about":[{"href":"https:\/\/drrt.com\/fr\/wp-json\/wp\/v2\/types\/page"}],"author":[{"embeddable":true,"href":"https:\/\/drrt.com\/fr\/wp-json\/wp\/v2\/users\/1"}],"replies":[{"embeddable":true,"href":"https:\/\/drrt.com\/fr\/wp-json\/wp\/v2\/comments?post=550"}],"version-history":[{"count":2,"href":"https:\/\/drrt.com\/fr\/wp-json\/wp\/v2\/pages\/550\/revisions"}],"predecessor-version":[{"id":1258,"href":"https:\/\/drrt.com\/fr\/wp-json\/wp\/v2\/pages\/550\/revisions\/1258"}],"up":[{"embeddable":true,"href":"https:\/\/drrt.com\/fr\/wp-json\/wp\/v2\/pages\/545"}],"wp:attachment":[{"href":"https:\/\/drrt.com\/fr\/wp-json\/wp\/v2\/media?parent=550"}],"curies":[{"name":"wp","href":"https:\/\/api.w.org\/{rel}","templated":true}]}}