{"id":709,"date":"2017-10-23T14:08:23","date_gmt":"2017-10-23T14:08:23","guid":{"rendered":"https:\/\/drrt.com\/our-firm\/why-choose-us\/"},"modified":"2020-11-06T22:40:06","modified_gmt":"2020-11-06T22:40:06","slug":"why-choose-us","status":"publish","type":"page","link":"https:\/\/drrt.com\/es\/our-firm\/why-choose-us\/","title":{"rendered":"Porque Escogernos"},"content":{"rendered":"<div class=\"why-choose-us\">\n<div>\n<h3>\u00bfPor qu\u00e9 escoger los servicios de protecci\u00f3n al inversionista global de DRRT?<\/h3>\n<p><img loading=\"lazy\" decoding=\"async\" class=\"alignright size-medium wp-image-73\" src=\"https:\/\/drrt.com\/wp-content\/uploads\/2017\/10\/protect-service-300x200.png\" alt=\"\" width=\"300\" height=\"200\" srcset=\"https:\/\/drrt.com\/wp-content\/uploads\/2017\/10\/protect-service-300x200.png 300w, https:\/\/drrt.com\/wp-content\/uploads\/2017\/10\/protect-service.png 454w\" sizes=\"auto, (max-width: 300px) 100vw, 300px\" \/><\/p>\n<p>DRRT ha sido una pionera en la protecci\u00f3n de accionistas globales; espec\u00edficamente en materia de recuperaci\u00f3n de p\u00e9rdidas de inversionistas y gobierno corporativo fuera de EE.UU. por m\u00e1s de una d\u00e9cada. Nuestro equipo internacional de abogados y analistas asesora y representa a inversionistas institucionales en relaci\u00f3n a posibles opciones de recuperaci\u00f3n por las p\u00e9rdidas sufridas a ra\u00edz de representaciones enga\u00f1osas o fraude por parte de empresas que coticen en la bolsa de valores.<\/p>\n<\/div>\n<div>\n<h3>\u00bfQu\u00e9 est\u00e1 en juego?<\/h3>\n<p>Cada a\u00f1o, miles de millones de d\u00f3lares estadounidenses (y otros tipos de moneda) se distribuyen entre inversionistas a nivel mundial como resultado de liquidaciones de demandas colectivas. Sin embargo, ciertos inversionistas institucionales calificados dejan cientos de millones sin cobrar debido a la presentaci\u00f3n de reclamos incorrectos, incompletos o tard\u00edos, adem\u00e1s de no presentar reclamos en lo absoluto o por falta de subsanaci\u00f3n de deficiencias.<\/p>\n<p>Ya que la participaci\u00f3n en la presentaci\u00f3n de demandas colectivas no es tan sencilla como remitir informaci\u00f3n transaccional a los gestores de reclamos y el seguimiento para todos los posibles casos se torna cada vez m\u00e1s complicado, los inversionistas institucionales han buscado la ayuda de proveedores de servicios profesionales de confianza, pr\u00e1cticos y transparentes para atender sus necesidades relacionadas a la presentaci\u00f3n de reclamos globales. Haga clic aqu\u00ed para mayor informaci\u00f3n.<\/p>\n<\/div>\n<div>\n<h5>Seguimiento e Investigaci\u00f3n<\/h5>\n<ul>\n<li>Seguimiento a liquidaciones de casos colectivos a nivel mundial con una cobertura completa garantizada<\/li>\n<li>Profundo conocimiento de otras alternativas de recuperaci\u00f3n vinculadas a sistemas de demandas no colectivas a nivel mundial<\/li>\n<li>Amplia capacidad investigativa incluyendo an\u00e1lisis econ\u00f3micos y legales<\/li>\n<\/ul>\n<\/div>\n<div>\n<h5>An\u00e1lisis y procesamiento de datos<\/h5>\n<ul>\n<li>Procesamiento de reclamos globales para la liquidaci\u00f3n de demandas colectivas de valores, multas por liquidaciones de la Comisi\u00f3n de Bolsa y Valores (por sus siglas en ingl\u00e9s, SEC) y casos puntuales de insolvencia<\/li>\n<li>An\u00e1lisis de datos por parte de un equipo capacitado y con experiencia para maximizar la recuperaci\u00f3n de p\u00e9rdidas y minimizar las deficiencias de los gestores de reclamos<\/li>\n<li>Identificaci\u00f3n de deficiencias de datos y sus resoluciones para maximizar las recuperaciones<\/li>\n<li>Habilidad para trabajar en conjunto con el cliente en relaci\u00f3n a la descarga de historiales de datos para todos los valores o para la presentaci\u00f3n individual de intercambios en cada caso, incluyendo la habilidad para interconectarse con las empresas que mantienen la custodia de sus activos o con otros proveedores de servicios para minimizar la interacci\u00f3n con el cliente y los esfuerzos involucrados en todo el proceso<\/li>\n<li>Verificaci\u00f3n integral de reclamos rechazados y el compromiso de tratar de maximizar las recuperaciones o pagos al cliente<\/li>\n<li>Recibo y colecci\u00f3n de fondos para los clientes provenientes de gestores de reclamos en cuentas segregadas o aseguradas de clientes utilizando cuentas de fideicomiso (cuentas tipo IOTA)<\/li>\n<li>Transferencias electr\u00f3nicas sencillas, r\u00e1pidas y gratuitas de los fondos recibidos para los clientes a las cuentas designadas por el cliente o sus custodios.<\/li>\n<\/ul>\n<\/div>\n<div>\n<h5>Servicio y herramientas<\/h5>\n<ul>\n<li>Modelos de tarifas flexibles y personalizados, incluyendo servicios por suscripci\u00f3n y modelos de tasas de \u00e9xito<\/li>\n<li>Herramientas informativas integrales y personalizadas<\/li>\n<li>Sistema conveniente de recibos de recuperaci\u00f3n y seguimiento de distribuci\u00f3n<\/li>\n<li>Portal web multifac\u00e9tico dise\u00f1ado para el cliente<\/li>\n<li>Servicio personalizado estilo concierge para los clientes con visitas informativas y educativas in situ<\/li>\n<\/ul>\n<\/div>\n<\/div>\n","protected":false},"excerpt":{"rendered":"<p>\u00bfPor qu\u00e9 escoger los servicios de protecci\u00f3n al inversionista global de DRRT? DRRT ha sido una pionera en la protecci\u00f3n&hellip; <\/p>\n","protected":false},"author":1,"featured_media":0,"parent":664,"menu_order":0,"comment_status":"closed","ping_status":"closed","template":"","meta":{"_acf_changed":false,"footnotes":""},"class_list":["post-709","page","type-page","status-publish","hentry"],"acf":[],"_links":{"self":[{"href":"https:\/\/drrt.com\/es\/wp-json\/wp\/v2\/pages\/709","targetHints":{"allow":["GET"]}}],"collection":[{"href":"https:\/\/drrt.com\/es\/wp-json\/wp\/v2\/pages"}],"about":[{"href":"https:\/\/drrt.com\/es\/wp-json\/wp\/v2\/types\/page"}],"author":[{"embeddable":true,"href":"https:\/\/drrt.com\/es\/wp-json\/wp\/v2\/users\/1"}],"replies":[{"embeddable":true,"href":"https:\/\/drrt.com\/es\/wp-json\/wp\/v2\/comments?post=709"}],"version-history":[{"count":5,"href":"https:\/\/drrt.com\/es\/wp-json\/wp\/v2\/pages\/709\/revisions"}],"predecessor-version":[{"id":6961,"href":"https:\/\/drrt.com\/es\/wp-json\/wp\/v2\/pages\/709\/revisions\/6961"}],"up":[{"embeddable":true,"href":"https:\/\/drrt.com\/es\/wp-json\/wp\/v2\/pages\/664"}],"wp:attachment":[{"href":"https:\/\/drrt.com\/es\/wp-json\/wp\/v2\/media?parent=709"}],"curies":[{"name":"wp","href":"https:\/\/api.w.org\/{rel}","templated":true}]}}