{"id":694,"date":"2017-10-23T13:56:49","date_gmt":"2017-10-23T13:56:49","guid":{"rendered":"https:\/\/drrt.com\/our-firm\/overview\/"},"modified":"2020-11-06T22:37:05","modified_gmt":"2020-11-06T22:37:05","slug":"overview","status":"publish","type":"page","link":"https:\/\/drrt.com\/es\/our-firm\/overview\/","title":{"rendered":"General"},"content":{"rendered":"<div class=\"sec-content\">\n<div class=\"col-md-6 col-sm-6 left-section\">\n<p><span class=\"heilight-txt\">DRRT<\/span> es un bufete de abogados internacional y l\u00edder del mercado en la industria de recuperaci\u00f3n de p\u00e9rdidas globales, as\u00ed como un recurso respetado para el apoyo en acciones legales relacionadas a demandas colectivas.<\/p>\n<p><span class=\"heilight-txt\">DRRT<\/span> est\u00e1 en una posici\u00f3n \u00fanica para servir a inversionistas institucionales en todos los aspectos de la recuperaci\u00f3n global de las p\u00e9rdidas de inversi\u00f3n incluyendo: analizar, financiar, manejar y supervisar el litigio y arbitraje sobre valores y presentar reclamaciones en acuerdos a nivel mundial.<\/p>\n<p>&nbsp;<\/p>\n<\/div>\n<div class=\"col-md-6 col-sm-6 overview-video\">\n<p><iframe loading=\"lazy\" src=\"https:\/\/www.youtube.com\/embed\/INiIScx8C0g?mute=1&amp;rel=0&amp;showinfo=0&amp;autoplay=1&amp;cc_lang_pref=es&amp;cc_load_policy=1&amp;mute=1&amp;hl=es&amp;cc_lang_pref=es&amp;cc_load_policy=1\" width=\"355\" height=\"220\"><\/iframe>En DRRT nos esforzamos por brindar el mejor servicio a nuestros clientes. <strong>Los invitamos a realizar un recorrido virtual<\/strong>.<\/p>\n<\/div>\n<\/div>\n","protected":false},"excerpt":{"rendered":"<p>DRRT es un bufete de abogados internacional y l\u00edder del mercado en la industria de recuperaci\u00f3n de p\u00e9rdidas globales, as\u00ed&hellip; <\/p>\n","protected":false},"author":1,"featured_media":0,"parent":664,"menu_order":0,"comment_status":"closed","ping_status":"closed","template":"page-overview.php","meta":{"_acf_changed":false,"footnotes":""},"class_list":["post-694","page","type-page","status-publish","hentry"],"acf":[],"_links":{"self":[{"href":"https:\/\/drrt.com\/es\/wp-json\/wp\/v2\/pages\/694","targetHints":{"allow":["GET"]}}],"collection":[{"href":"https:\/\/drrt.com\/es\/wp-json\/wp\/v2\/pages"}],"about":[{"href":"https:\/\/drrt.com\/es\/wp-json\/wp\/v2\/types\/page"}],"author":[{"embeddable":true,"href":"https:\/\/drrt.com\/es\/wp-json\/wp\/v2\/users\/1"}],"replies":[{"embeddable":true,"href":"https:\/\/drrt.com\/es\/wp-json\/wp\/v2\/comments?post=694"}],"version-history":[{"count":10,"href":"https:\/\/drrt.com\/es\/wp-json\/wp\/v2\/pages\/694\/revisions"}],"predecessor-version":[{"id":6957,"href":"https:\/\/drrt.com\/es\/wp-json\/wp\/v2\/pages\/694\/revisions\/6957"}],"up":[{"embeddable":true,"href":"https:\/\/drrt.com\/es\/wp-json\/wp\/v2\/pages\/664"}],"wp:attachment":[{"href":"https:\/\/drrt.com\/es\/wp-json\/wp\/v2\/media?parent=694"}],"curies":[{"name":"wp","href":"https:\/\/api.w.org\/{rel}","templated":true}]}}