{"id":679,"date":"2017-10-23T14:03:42","date_gmt":"2017-10-23T14:03:42","guid":{"rendered":"https:\/\/drrt.com\/our-firm\/drrt-advantages\/"},"modified":"2020-11-06T22:37:41","modified_gmt":"2020-11-06T22:37:41","slug":"drrt-advantages","status":"publish","type":"page","link":"https:\/\/drrt.com\/es\/our-firm\/drrt-advantages\/","title":{"rendered":"Ventajas de DRRT"},"content":{"rendered":"<h3>\u00bfQu\u00e9 nos distingue de los dem\u00e1s?<\/h3>\n<p>Se nos conoce por explorar nuevas jurisdicciones e ingeniar nuevas estrategias y soluciones para obtener lo que m\u00e1s les importa a nuestros clientes; La protecci\u00f3n de sus activos, una compensaci\u00f3n justa por fraude y violaciones a la transparencia empresarial y mejoras en el gobierno corporativo de empresas que coticen en la bolsa de valores para as\u00ed evitar futuras situaciones de representaci\u00f3n fraudulenta de accionistas. Combinamos todo esto con el financiamiento adecuado para litigios para as\u00ed librar al cliente de riesgos y costos.<\/p>\n<h3>\u00bfQu\u00e9 hace que el servicio de atenci\u00f3n al cliente de DRRT se destaque?<\/h3>\n<div>\n<ul>\n<li>Nos concentramos en las necesidades de los clientes al dise\u00f1ar servicios personalizados basados en sus exigencias y la experiencia de m\u00e1s de una d\u00e9cada de DRRT al brindar servicios a inversionistas institucionales.<\/li>\n<li>Nos esforzamos por hacerles la vida m\u00e1s f\u00e1cil y conveniente a nuestros clientes al brindar soluciones con todo incluido y permitirles delegar la mayor\u00eda del trabajo (y costos) a los expertos en esta \u00e1rea.<\/li>\n<li>Nos destacamos por la satisfacci\u00f3n de nuestros clientes al poner sus necesidades primero y concentrarnos en el control de calidad para una relaci\u00f3n perdurable.<\/li>\n<\/ul>\n<\/div>\n<h3>Premios<\/h3>\n<div>\n<ul>\n<li>United States Commerce Association &#8211; <strong>Miami Award &#8211; DRRT Class Action Division<\/strong> &#8211; <em>Three Time Award Winner<\/em><\/li>\n<li><strong>ICFM Law Awards Winner 2011<\/strong><\/li>\n<li>Doing Business &#8211; <strong>IFC (International Finance Corporation \u2013 World Bank Group) Award<\/strong><\/li>\n<li><strong>Corporate INTL Global Awards Winner<\/strong><\/li>\n<li><strong>International Finance Magazine Law Awards<\/strong><\/li>\n<li><strong>Legal Comprehensive Law Award<\/strong><\/li>\n<li>Lawyer Monthly \u2013 <strong>Legal Awards 2016: Securitites Lititgation Law Firm of the Year \u2013 USA<\/strong><\/li>\n<\/ul>\n<\/div>\n<h3>Membres\u00eda<\/h3>\n<div class=\"col-md-6 membership-left\">\n<div>\n<ul class=\"list-style\">\n<li>ICGN Shareholder Rights Committee<\/li>\n<li>French-American Chamber of Commerce of Florida<\/li>\n<li>National Association of Corporate Directors (NACD)<br \/>\n&#8211; Board Leadership and Governance Fellow<\/li>\n<li>International Association of Jurists (Associazione Internazionale Giuristi di Lingua Italiana) (AIGLI)<\/li>\n<li>German Bar Association (Deutscher Anwaltverein) (DAV)<\/li>\n<li>The Florida Bar\n<ul class=\"ul-list\">\n<li>Executive Council<\/li>\n<li>International Law Section<\/li>\n<li>International Law Board Certification Committee<\/li>\n<\/ul>\n<\/li>\n<\/ul>\n<\/div>\n<\/div>\n<div class=\"col-md-6 membership-right\">\n<div>\n<ul class=\"list-style\">\n<li>Totalbank Board of Directors<\/li>\n<li>Board of Trustees of The American University of Rome<\/li>\n<li>CONSULEGIS (International Network of Law Firms)<br \/>\n&#8211; International Lawyer<\/li>\n<li>German-American Lawyers&#8217; Association (Deutsch-Amerikanische Juristenvereinigung) (DAJV)<\/li>\n<li>International Association of Young Lawyers (Association Internationale des Jeunes Avocats) (AIJA)\n<ul class=\"ul-list\">\n<li>Member of the Commercial Fraud Commission<\/li>\n<li>Member of the Banking, Finance &amp; Capital Markets Law Commission<\/li>\n<li>Arbitration Commission Member<\/li>\n<\/ul>\n<\/li>\n<\/ul>\n<\/div>\n<\/div>\n","protected":false},"excerpt":{"rendered":"<p>\u00bfQu\u00e9 nos distingue de los dem\u00e1s? Se nos conoce por explorar nuevas jurisdicciones e ingeniar nuevas estrategias y soluciones para&hellip; <\/p>\n","protected":false},"author":1,"featured_media":0,"parent":664,"menu_order":0,"comment_status":"closed","ping_status":"closed","template":"","meta":{"_acf_changed":false,"footnotes":""},"class_list":["post-679","page","type-page","status-publish","hentry"],"acf":[],"_links":{"self":[{"href":"https:\/\/drrt.com\/es\/wp-json\/wp\/v2\/pages\/679","targetHints":{"allow":["GET"]}}],"collection":[{"href":"https:\/\/drrt.com\/es\/wp-json\/wp\/v2\/pages"}],"about":[{"href":"https:\/\/drrt.com\/es\/wp-json\/wp\/v2\/types\/page"}],"author":[{"embeddable":true,"href":"https:\/\/drrt.com\/es\/wp-json\/wp\/v2\/users\/1"}],"replies":[{"embeddable":true,"href":"https:\/\/drrt.com\/es\/wp-json\/wp\/v2\/comments?post=679"}],"version-history":[{"count":2,"href":"https:\/\/drrt.com\/es\/wp-json\/wp\/v2\/pages\/679\/revisions"}],"predecessor-version":[{"id":6958,"href":"https:\/\/drrt.com\/es\/wp-json\/wp\/v2\/pages\/679\/revisions\/6958"}],"up":[{"embeddable":true,"href":"https:\/\/drrt.com\/es\/wp-json\/wp\/v2\/pages\/664"}],"wp:attachment":[{"href":"https:\/\/drrt.com\/es\/wp-json\/wp\/v2\/media?parent=679"}],"curies":[{"name":"wp","href":"https:\/\/api.w.org\/{rel}","templated":true}]}}