{"id":574,"date":"2017-10-24T15:31:09","date_gmt":"2017-10-24T15:31:09","guid":{"rendered":"https:\/\/drrt.com\/areas-of-expertise\/institutional-claims-filing-2\/"},"modified":"2017-11-17T13:29:52","modified_gmt":"2017-11-17T13:29:52","slug":"institutional-claims-filing","status":"publish","type":"page","link":"https:\/\/drrt.com\/es\/areas-of-expertise\/institutional-claims-filing\/","title":{"rendered":"Presentaci\u00f3n de reclamos globales"},"content":{"rendered":"<h3>Cada a\u00f1o, miles de millones de d\u00f3lares estadounidenses (y otros tipos de monedas) se dejan sin cobrar porque los inversionistas calificados no cuentan con la experiencia o los procesos internos para presentar reclamos de forma adecuada o para subsanar sus deficiencias. Muchos inversionistas institucionales no poseen los recursos o la experiencia para manejar esta tarea que requiere de una ardua labor y mucho tiempo. DRRT le puede ayudar. <\/h3>\n<p>El servicio de presentaci\u00f3n de reclamos globales de DRRT garantiza una cobertura total de los valores asociados a liquidaciones por demandas colectivas, multas por liquidaciones de la Comisi\u00f3n de Bolsa y Valores (por sus siglas en ingl\u00e9s, SEC), oportunidades relacionadas a reclamos globales por liquidaciones colectivos (tales como liquidaciones en Australia o los Pa\u00edses Bajos), al igual que asuntos de insolvencia global a gran escala.<\/p>\n<p>El equipo de presentaci\u00f3n de reclamos globales de DRRT ha desarrollado una metodolog\u00eda para la cobranza, contadur\u00eda, informe y desembolso de fondos a inversionistas institucionales, lo que se traduce en m\u00e1s de $1 mil millones en pagos de recuperaciones hasta la fecha en EE.UU., Canad\u00e1, Australia, los Pa\u00edses Bajos, Alemania y Jap\u00f3n.  Nuestros clientes reciben la oportunidad de delegar esta tarea que amerita de una ardua labor, una cantidad considerable de tiempo, una carga de riesgos y tareas no b\u00e1sicas a DRRT, lo que les permite cumplir con sus responsabilidades fiduciarias al mismo tiempo que emplean recursos internos en las \u00e1reas b\u00e1sicas de sus empresas. En muchas de las instancias, las tarifas que se cobran por delegar las tareas no b\u00e1sicas a proveedores de servicios de presentaci\u00f3n de reclamos tales como DRRT corren por cuenta de los beneficiarios con cuentas de fondos mutuos o de inversi\u00f3n.<\/p>\n<h2>El servicio de presentaci\u00f3n de reclamos globales de DRRT incluye lo siguiente<\/h2>\n<h4>Pro-Active Portfolio MonitoringSM (PPM)<\/h4>\n<p> Nuestro sistema automatizado PPM identifica posibles coincidencias entre su cartera de inversiones y los valores afectados por todas las oportunidades relevantes de recuperaci\u00f3n de p\u00e9rdidas a nivel mundial, lo que asegura que ninguna oportunidad de pago pase inadvertida. DRRT es capaz de trabajar en conjunto con los clientes en relaci\u00f3n a la descarga de historiales de datos para todos los valores o para la presentaci\u00f3n individual de intercambios en cada caso. Ponemos en contacto a los responsables de valores con los proveedores de servicios para minimizar la interacci\u00f3n con el cliente y los esfuerzos involucrados en todo el proceso.<\/p>\n<h4> Presentaci\u00f3n de reclamos globales de liquidaciones por demandas colectivas relacionadas a la bolsa de valores<\/h4>\n<p>Luego de identificar uno o m\u00e1s valores afectados en su cartera, revisaremos uno a uno los fondos y transacciones de sus inversiones para cada caso particular y as\u00ed preparar la presentaci\u00f3n del reclamo. Nuestro equipo de expertos en materia de presentaci\u00f3n de reclamos y an\u00e1lisis de datos procesar\u00e1 todas las transacciones de informaci\u00f3n en pleno cumplimiento de los requisitos espec\u00edficos impuestos por los gestores de reclamos y presentar\u00e1 los reclamos de forma oportuna y completa para obtener lo m\u00e1ximo en recuperaciones.<\/p>\n<h4>Presentaci\u00f3n de reclamos por insolvencia<\/h4>\n<p>Adem\u00e1s de presentar reclamos de valores globales vinculados a demandas colectivas y liquidaciones de la Comisi\u00f3n de Bolsa y Valores (por sus siglas en ingl\u00e9s, SEC), DRRT tambi\u00e9n ofrece servicios de presentaci\u00f3n de reclamos por insolvencia a gran escala. Por lo general, nuestro equipo preselecciona estos casos basado en los activos de la compa\u00f1\u00eda involucrada en el proceso de insolvencia. Algunos de los casos m\u00e1s exitosos que DRRT ha manejado en EE.UU. y Europa incluyen la insolvencia de Lehman Brothers Holdings Inc., Lehman Brothers International (Europa), los casos relacionados a la insolvencia de Madoff y Stanford en EE.UU. y Europa, as\u00ed como la insolvencia de Espirito Santo Financial Group Luxembourg, S.A.<\/p>\n<h4>Acuerdos de fundaciones holandesas<\/h4>\n<p>DRRT ha desarrollado una pericia especial en las demandas y liquidaciones de fundaciones holandesas bajo el r\u00e9gimen holand\u00e9s de acuerdos colectivos (WCAM o Wet collectieve afwikkeling van massaschades), incluyendo la creaci\u00f3n de fondos, preparaci\u00f3n de tasas de \u00e9xito, conceptos sin riesgos y procesamiento de reclamos de responsabilidad previos a liquidaciones. DRRT ha registrado a miles de participantes como inversionistas institucionales en fundaciones holandesas de liquidaciones (por ejemplo: Royal Dutch Shell, EADS, Fortis, BP, Tesco, SNS, Royal Imtech y Libor) las cuales pueden optar por liquidaciones colectivos vigentes con vigor en Europa bajo los estatutos de la WCAM.  Durante la fase posterior a la liquidaci\u00f3n por demanda colectiva, tambi\u00e9n brindamos asistencia a los inversionistas institucionales al presentar los reclamos proporcionales a sus acciones en el fondo de liquidaci\u00f3n; algo muy similar al proceso de gesti\u00f3n de reclamos de demandas colectivas en EE.UU.<\/p>\n<h4> Liquidaci\u00f3n de demandas colectivas en Australia  <\/h4>\n<p>DRRT hace un seguimiento de todas las demandas colectivas en Australia y mantiene una relaci\u00f3n estrecha con los principales bufetes de abogados y financiadores de litigios australianos involucrados en procesar las demandas colectivas de forma an\u00f3nima y sin riesgos, pero con todos los fondos necesarios. Evaluamos con mucho cuidado los t\u00e9rminos y detalles de cada demanda colectiva y nos encargamos de todo el papeleo relacionado a la participaci\u00f3n en liquidaci\u00f3n necesario para nuestros clientes. Nuestros clientes se benefician de la pericia legal y presentaci\u00f3n de reclamos en Australia de DRRT sin enfrentarse a la carga financiera o los riesgos publicitarios o de reputaci\u00f3n acarreados por participar en estas liquidaciones. DRRT se encarga de demandas colectivas en Australia desde el papeleo y presentaci\u00f3n antes de la liquidaci\u00f3n hasta el desembolso final y cobranza de los fondos del cliente en base a las mejores tarifas de fondos disponibles para los clientes de DRRT dada la fortaleza colectiva de los clientes involucrados de DRRT.<\/p>\n<h2>Caracter\u00edsticas y ventajas especiales <\/h2>\n<h4> Investigaci\u00f3n financiera y an\u00e1lisis de datos <\/h4>\n<p> Nuestros expertos altamente especializados en el \u00e1rea de presentaci\u00f3n de reclamos y analistas de datos se encuentran apoyados por la tecnolog\u00eda m\u00e1s reciente para llevar a cabo investigaciones financieras de alto alcance, modelos estad\u00edsticos, an\u00e1lisis de datos de inversiones, evaluaciones de desempe\u00f1o de valores, desarrollo de metodolog\u00edas de da\u00f1os y c\u00e1lculos de p\u00e9rdidas reconocidas.<\/p>\n<h4>Seguimiento de reclamos<\/h4>\n<p> Seguimos muy de cerca el paso de cada reclamo presentado y le brindamos al cliente un acceso directo a nuestro sistema para revisar el estado de cada reclamo, incluyendo n\u00fameros de reclamos, p\u00e9rdidas reconocidas, porcentaje de prorrata, distribuci\u00f3n de montos y m\u00e1s informaci\u00f3n relevante.<\/p>\n<h4>Informes para clientes y portal web<\/h4>\n<p>Brindamos varias herramientas de informaci\u00f3n, las cuales son de f\u00e1cil acceso a trav\u00e9s de nuestro portal web, el cual es seguro y espec\u00edfico para cada cliente. El portal se ha personalizado de acuerdo a sus necesidades y brinda toda la informaci\u00f3n relevante en relaci\u00f3n a sus reclamos y el estado de cada caso.  Modelos de tarifas convenientes y flexibles: Tenemos la capacidad de ofrecer modelos de tarifas convenientes y flexibles que se ajustan a sus necesidades particulares y toman en cuenta su configuraci\u00f3n interna.<\/p>\n<h4>Personalizaci\u00f3n<\/h4>\n<p>Se nos ha reconocido por nuestra dedicaci\u00f3n al servicio de atenci\u00f3n al cliente y servicios estilo concierge. Valoramos las relaciones que hemos establecidos con nuestros clientes. A cada cliente se le ha asignado un especialista dedicado que estudiar\u00e1 a fondo las caracter\u00edsticas y la codificaci\u00f3n de informaci\u00f3n de transacciones espec\u00edficas de cada cliente para asegurarnos de recibir la recuperaci\u00f3n m\u00e1xima y evitar indagaciones de los gestores de reclamos, las cuales, por lo general, retrasan el proceso de recuperaci\u00f3n y conducen a pagos reducidos si no se les presta atenci\u00f3n.<\/p>\n","protected":false},"excerpt":{"rendered":"<p>Cada a\u00f1o, miles de millones de d\u00f3lares estadounidenses (y otros tipos de monedas) se dejan sin cobrar porque los inversionistas&hellip; <\/p>\n","protected":false},"author":1,"featured_media":0,"parent":544,"menu_order":0,"comment_status":"closed","ping_status":"closed","template":"","meta":{"_acf_changed":false,"footnotes":""},"class_list":["post-574","page","type-page","status-publish","hentry"],"acf":[],"_links":{"self":[{"href":"https:\/\/drrt.com\/es\/wp-json\/wp\/v2\/pages\/574","targetHints":{"allow":["GET"]}}],"collection":[{"href":"https:\/\/drrt.com\/es\/wp-json\/wp\/v2\/pages"}],"about":[{"href":"https:\/\/drrt.com\/es\/wp-json\/wp\/v2\/types\/page"}],"author":[{"embeddable":true,"href":"https:\/\/drrt.com\/es\/wp-json\/wp\/v2\/users\/1"}],"replies":[{"embeddable":true,"href":"https:\/\/drrt.com\/es\/wp-json\/wp\/v2\/comments?post=574"}],"version-history":[{"count":3,"href":"https:\/\/drrt.com\/es\/wp-json\/wp\/v2\/pages\/574\/revisions"}],"predecessor-version":[{"id":2161,"href":"https:\/\/drrt.com\/es\/wp-json\/wp\/v2\/pages\/574\/revisions\/2161"}],"up":[{"embeddable":true,"href":"https:\/\/drrt.com\/es\/wp-json\/wp\/v2\/pages\/544"}],"wp:attachment":[{"href":"https:\/\/drrt.com\/es\/wp-json\/wp\/v2\/media?parent=574"}],"curies":[{"name":"wp","href":"https:\/\/api.w.org\/{rel}","templated":true}]}}