{"id":569,"date":"2017-10-30T05:36:39","date_gmt":"2017-10-30T05:36:39","guid":{"rendered":"https:\/\/drrt.com\/areas-of-expertise\/global-securities-litigation\/u-s-and-canadian-securities-litigation\/"},"modified":"2017-11-10T18:49:36","modified_gmt":"2017-11-10T18:49:36","slug":"u-s-and-canadian-securities-litigation","status":"publish","type":"page","link":"https:\/\/drrt.com\/es\/areas-of-expertise\/global-securities-litigation\/u-s-and-canadian-securities-litigation\/","title":{"rendered":"Litigios de valores en EE.UU. y Canad\u00e1"},"content":{"rendered":"<h3>Litigios de valores en EE.UU. y Canad\u00e1<\/h3>\n<p>A pesar de las regulaciones exigentes impuestas sobre las empresas que cotizan en bolsas de valores a nivel mundial, hay muchos casos que involucran violaciones a las leyes de valores, en especial en Estados Unidos. Si bien los organismos nacionales encargados de hacer cumplir las leyes de valores desempe\u00f1an su papel, el litigio privado ha demostrado ser muy efectivo y exitoso en Estados Unidos y Canad\u00e1, donde es posible presentar demandas colectivas.<\/p>\n<p>Tan s\u00f3lo en Estados Unidos, se presenta un promedio de m\u00e1s de 150 demandas colectivas de valores al a\u00f1o, lo que ha afectado a empresas de estadounidenses y extranjeras al involucrar valores tanto de EE.UU. como del exterior.<br \/>\nEl n\u00famero de casos en contra de empresas estadounidenses a\u00fan se mantiene por encima de los 100 casos al a\u00f1o, a pesar de los cambios que se han originado desde el fallo del 2010 en el caso Morrison v. National Australia Bank.<\/p>\n<p>Si bien la recuperaci\u00f3n pasiva por medio de la presentaci\u00f3n de reclamos por liquidaci\u00f3n de demandas colectivas brinda una forma f\u00e1cil y segura de recuperar p\u00e9rdidas, una estrategia proactiva por medio de casos activos u optar por no participar en demandas colectivas ha demostrado incrementar las recuperaciones y deber\u00eda tomarse en cuenta caso a caso si las p\u00e9rdidas son considerablemente altas.<br \/>\nNuestros abogados han representado con \u00e9xito a inversionistas institucionales en demandas colectivas y privadas en Norteam\u00e9rica por m\u00e1s de una d\u00e9cada.<\/p>\n","protected":false},"excerpt":{"rendered":"<p>Litigios de valores en EE.UU. y Canad\u00e1 A pesar de las regulaciones exigentes impuestas sobre las empresas que cotizan en&hellip; <\/p>\n","protected":false},"author":1,"featured_media":0,"parent":549,"menu_order":0,"comment_status":"closed","ping_status":"closed","template":"","meta":{"_acf_changed":false,"footnotes":""},"class_list":["post-569","page","type-page","status-publish","hentry"],"acf":[],"_links":{"self":[{"href":"https:\/\/drrt.com\/es\/wp-json\/wp\/v2\/pages\/569","targetHints":{"allow":["GET"]}}],"collection":[{"href":"https:\/\/drrt.com\/es\/wp-json\/wp\/v2\/pages"}],"about":[{"href":"https:\/\/drrt.com\/es\/wp-json\/wp\/v2\/types\/page"}],"author":[{"embeddable":true,"href":"https:\/\/drrt.com\/es\/wp-json\/wp\/v2\/users\/1"}],"replies":[{"embeddable":true,"href":"https:\/\/drrt.com\/es\/wp-json\/wp\/v2\/comments?post=569"}],"version-history":[{"count":2,"href":"https:\/\/drrt.com\/es\/wp-json\/wp\/v2\/pages\/569\/revisions"}],"predecessor-version":[{"id":1262,"href":"https:\/\/drrt.com\/es\/wp-json\/wp\/v2\/pages\/569\/revisions\/1262"}],"up":[{"embeddable":true,"href":"https:\/\/drrt.com\/es\/wp-json\/wp\/v2\/pages\/549"}],"wp:attachment":[{"href":"https:\/\/drrt.com\/es\/wp-json\/wp\/v2\/media?parent=569"}],"curies":[{"name":"wp","href":"https:\/\/api.w.org\/{rel}","templated":true}]}}