{"id":564,"date":"2017-10-30T05:51:15","date_gmt":"2017-10-30T05:51:15","guid":{"rendered":"https:\/\/drrt.com\/areas-of-expertise\/global-securities-litigation\/international-securities-litigation\/"},"modified":"2017-11-10T18:51:03","modified_gmt":"2017-11-10T18:51:03","slug":"international-securities-litigation","status":"publish","type":"page","link":"https:\/\/drrt.com\/es\/areas-of-expertise\/global-securities-litigation\/international-securities-litigation\/","title":{"rendered":"Litigio internacional de valores"},"content":{"rendered":"<h3>Litigio internacional de valores<\/h3>\n<p>Si bien los propietarios de activos pueden hacer los arreglos con prestadores de servicios para que estos manejen la presentaci\u00f3n de pruebas de reclamos referentes a liquidaciones por demandas colectivas en EE.UU. y Canad\u00e1, este proceso, por lo general, no se encuentra disponible fuera del sistema de demandas colectivas de Norteam\u00e9rica. Para poder recuperar las p\u00e9rdidas, los inversionistas deben buscar de forma consistente una recuperaci\u00f3n en estas jurisdicciones para obtener una compensaci\u00f3n por sus p\u00e9rdidas.<\/p>\n<p>Nuestra experiencia l\u00edder en la industria y conocimiento integral de los principios legales, leyes y regulaciones pertinentes a litigios de accionistas en jurisdicciones extranjeras clave hacen de nosotros el bufete de abogados id\u00f3neo para los asuntos de recuperaci\u00f3n de p\u00e9rdidas de inversionistas globales.<br \/>\nHemos estado, o nos encontramos actualmente, activos en casos tales como Vivendi, Sky (fka Premiere), Royal Bank of Scotland, Saipem, Fortis, Hypo Real Estate, VW\/Porsche, Petrobras, Takata, Lloyds, Tesco, Banco Esp\u00edrito Santo y Olympus.<\/p>\n","protected":false},"excerpt":{"rendered":"<p>Litigio internacional de valores Si bien los propietarios de activos pueden hacer los arreglos con prestadores de servicios para que&hellip; <\/p>\n","protected":false},"author":1,"featured_media":0,"parent":549,"menu_order":0,"comment_status":"closed","ping_status":"closed","template":"","meta":{"_acf_changed":false,"footnotes":""},"class_list":["post-564","page","type-page","status-publish","hentry"],"acf":[],"_links":{"self":[{"href":"https:\/\/drrt.com\/es\/wp-json\/wp\/v2\/pages\/564","targetHints":{"allow":["GET"]}}],"collection":[{"href":"https:\/\/drrt.com\/es\/wp-json\/wp\/v2\/pages"}],"about":[{"href":"https:\/\/drrt.com\/es\/wp-json\/wp\/v2\/types\/page"}],"author":[{"embeddable":true,"href":"https:\/\/drrt.com\/es\/wp-json\/wp\/v2\/users\/1"}],"replies":[{"embeddable":true,"href":"https:\/\/drrt.com\/es\/wp-json\/wp\/v2\/comments?post=564"}],"version-history":[{"count":2,"href":"https:\/\/drrt.com\/es\/wp-json\/wp\/v2\/pages\/564\/revisions"}],"predecessor-version":[{"id":1263,"href":"https:\/\/drrt.com\/es\/wp-json\/wp\/v2\/pages\/564\/revisions\/1263"}],"up":[{"embeddable":true,"href":"https:\/\/drrt.com\/es\/wp-json\/wp\/v2\/pages\/549"}],"wp:attachment":[{"href":"https:\/\/drrt.com\/es\/wp-json\/wp\/v2\/media?parent=564"}],"curies":[{"name":"wp","href":"https:\/\/api.w.org\/{rel}","templated":true}]}}