{"id":559,"date":"2017-10-30T05:52:26","date_gmt":"2017-10-30T05:52:26","guid":{"rendered":"https:\/\/drrt.com\/areas-of-expertise\/global-securities-litigation\/financial-antitrust-litigation\/"},"modified":"2017-11-10T18:51:37","modified_gmt":"2017-11-10T18:51:37","slug":"financial-antitrust-litigation","status":"publish","type":"page","link":"https:\/\/drrt.com\/es\/areas-of-expertise\/global-securities-litigation\/financial-antitrust-litigation\/","title":{"rendered":"Litigio de antimonopolio financiero"},"content":{"rendered":"<h3>Litigio de antimonopolio financiero <\/h3>\n<p>La manipulaci\u00f3n del mercado de finanzas ha sino un problema preeminente en los \u00faltimos a\u00f1os. Si bien los inversionistas tuvieron confianza en la autorregulaci\u00f3n del mercado financiero, en los \u00faltimos a\u00f1os, los bancos se han aprovechado de esta confianza y han empezado a manipular el mercado financiero al crear tarifas falsas para beneficiarse de intercambios y\/o dar la impresi\u00f3n de encontrarse en una mejor situaci\u00f3n financiera de la que en realidad est\u00e1n. Este comportamiento no s\u00f3lo incumple con las regulaciones antimonopolio, pero tambi\u00e9n los inversionistas han sufrido da\u00f1os continuos por los cuales ahora buscan compensaci\u00f3n.<\/p>\n<p>Tras la pol\u00e9mica de LIBOR\/EURIBOR del 2013, DRRT creo una fundaci\u00f3n holandesa (Fundaci\u00f3n del Fondo de Compensaci\u00f3n de V\u00edctimas de LIBOR\/EURIBOR) para representar los intereses de los inversionistas y los participantes en el mercado a gran escala quienes resultaron perjudicados por las manipulaciones de LIBOR\/EURIBOR por parte de los bancos contribuyentes al EURIBOR. La fundaci\u00f3n est\u00e1 lista para empezar los procesos de litigio en miras de obtener una declaraci\u00f3n de responsabilidad por parte de los tribunales holandeses en contra de Rabobank y, en virtud de la responsabilidad mancomunada y solidaria, en contra de otros bancos confabulados. DRRT tambi\u00e9n est\u00e1 preparando demandas individuales en relaci\u00f3n a los reclamos por manipulaci\u00f3n en contra de Forex y CDS.<\/p>\n","protected":false},"excerpt":{"rendered":"<p>Litigio de antimonopolio financiero La manipulaci\u00f3n del mercado de finanzas ha sino un problema preeminente en los \u00faltimos a\u00f1os. Si&hellip; <\/p>\n","protected":false},"author":1,"featured_media":0,"parent":549,"menu_order":0,"comment_status":"closed","ping_status":"closed","template":"","meta":{"_acf_changed":false,"footnotes":""},"class_list":["post-559","page","type-page","status-publish","hentry"],"acf":[],"_links":{"self":[{"href":"https:\/\/drrt.com\/es\/wp-json\/wp\/v2\/pages\/559","targetHints":{"allow":["GET"]}}],"collection":[{"href":"https:\/\/drrt.com\/es\/wp-json\/wp\/v2\/pages"}],"about":[{"href":"https:\/\/drrt.com\/es\/wp-json\/wp\/v2\/types\/page"}],"author":[{"embeddable":true,"href":"https:\/\/drrt.com\/es\/wp-json\/wp\/v2\/users\/1"}],"replies":[{"embeddable":true,"href":"https:\/\/drrt.com\/es\/wp-json\/wp\/v2\/comments?post=559"}],"version-history":[{"count":2,"href":"https:\/\/drrt.com\/es\/wp-json\/wp\/v2\/pages\/559\/revisions"}],"predecessor-version":[{"id":1264,"href":"https:\/\/drrt.com\/es\/wp-json\/wp\/v2\/pages\/559\/revisions\/1264"}],"up":[{"embeddable":true,"href":"https:\/\/drrt.com\/es\/wp-json\/wp\/v2\/pages\/549"}],"wp:attachment":[{"href":"https:\/\/drrt.com\/es\/wp-json\/wp\/v2\/media?parent=559"}],"curies":[{"name":"wp","href":"https:\/\/api.w.org\/{rel}","templated":true}]}}