{"id":554,"date":"2017-10-30T05:53:23","date_gmt":"2017-10-30T05:53:23","guid":{"rendered":"https:\/\/drrt.com\/areas-of-expertise\/global-securities-litigation\/arbitration-and-alternative-dispute-resolution\/"},"modified":"2017-11-10T18:52:17","modified_gmt":"2017-11-10T18:52:17","slug":"arbitration-and-alternative-dispute-resolution","status":"publish","type":"page","link":"https:\/\/drrt.com\/es\/areas-of-expertise\/global-securities-litigation\/arbitration-and-alternative-dispute-resolution\/","title":{"rendered":"Arbitraje y resoluci\u00f3n alternativa de conflictos"},"content":{"rendered":"<h3>Arbitraje y resoluci\u00f3n alternativa de conflictos<\/h3>\n<p>Los abogados de DRRT han venido asesorando a clientes durante arbitrajes y otros m\u00e9todos de resoluciones alternativas de conflictos y pueden brindar orientaci\u00f3n acerca de las mejores opciones de resoluci\u00f3n de conflictos en relaci\u00f3n a disputas fuera del proceso normal de litigio.  Continuamos haciendo seguimiento en esta \u00e1rea, donde una cierta tendencia se ha venido desarrollando en varios pa\u00edses&mdash;tal como lo es Brasil con el caso de Petrobras&mdash;para imponer un proceso de arbitraje en las disputas de los accionistas.<\/p>\n<p>Los estatutos de selecci\u00f3n de foro se han mantenido en varios tribunales estatales de EE.UU., incluyendo en el estado de Delaware e incluso en la Corte Suprema de EE.UU:, la cual, en su fallo del 2013 en relaci\u00f3n al caso American Express v. Italian Colors Restaurant ratific\u00f3 una cl\u00e1usula de exenci\u00f3n obligatoria de demanda colectiva incluida en un contrato comercial.  La fuerte red internacional de DRRT y la experiencia de sus abogados en materia de litigio y arbitraje han hecho de \u00e9sta una compa\u00f1\u00eda bien posicionada para atender estos casos de resoluci\u00f3n alternativa de conflictos.<\/p>\n","protected":false},"excerpt":{"rendered":"<p>Arbitraje y resoluci\u00f3n alternativa de conflictos Los abogados de DRRT han venido asesorando a clientes durante arbitrajes y otros m\u00e9todos&hellip; <\/p>\n","protected":false},"author":1,"featured_media":0,"parent":549,"menu_order":0,"comment_status":"closed","ping_status":"closed","template":"","meta":{"_acf_changed":false,"footnotes":""},"class_list":["post-554","page","type-page","status-publish","hentry"],"acf":[],"_links":{"self":[{"href":"https:\/\/drrt.com\/es\/wp-json\/wp\/v2\/pages\/554","targetHints":{"allow":["GET"]}}],"collection":[{"href":"https:\/\/drrt.com\/es\/wp-json\/wp\/v2\/pages"}],"about":[{"href":"https:\/\/drrt.com\/es\/wp-json\/wp\/v2\/types\/page"}],"author":[{"embeddable":true,"href":"https:\/\/drrt.com\/es\/wp-json\/wp\/v2\/users\/1"}],"replies":[{"embeddable":true,"href":"https:\/\/drrt.com\/es\/wp-json\/wp\/v2\/comments?post=554"}],"version-history":[{"count":2,"href":"https:\/\/drrt.com\/es\/wp-json\/wp\/v2\/pages\/554\/revisions"}],"predecessor-version":[{"id":1265,"href":"https:\/\/drrt.com\/es\/wp-json\/wp\/v2\/pages\/554\/revisions\/1265"}],"up":[{"embeddable":true,"href":"https:\/\/drrt.com\/es\/wp-json\/wp\/v2\/pages\/549"}],"wp:attachment":[{"href":"https:\/\/drrt.com\/es\/wp-json\/wp\/v2\/media?parent=554"}],"curies":[{"name":"wp","href":"https:\/\/api.w.org\/{rel}","templated":true}]}}