{"id":1746,"date":"2017-11-15T12:00:55","date_gmt":"2017-11-15T12:00:55","guid":{"rendered":"https:\/\/drrt.com\/cases\/institutional-claims-filing\/u-s-canadian-securities-class-actions\/"},"modified":"2020-11-06T22:29:19","modified_gmt":"2020-11-06T22:29:19","slug":"u-s-canadian-securities-class-actions","status":"publish","type":"page","link":"https:\/\/drrt.com\/es\/cases\/institutional-claims-filing\/u-s-canadian-securities-class-actions\/","title":{"rendered":"Presentaci\u00f3n de reclamos de acuerdos colectiva (class actions) en EE. UU. Y Canad\u00e1"},"content":{"rendered":"<h3><strong>Presentaci\u00f3n de reclamos de acuerdos colectiva (<em>class actions<\/em>) en EE. UU. Y Canad\u00e1<\/strong><\/h3>\n<p>Cada a\u00f1o, miles de millones de d\u00f3lares estadounidenses no reclamados (y otras monedas) son abandonados por inversionistas que carecen de la experiencia o el proceso interno para presentar correctamente los reclamos o subsanar las deficiencias a tiempo. Muchos inversionistas institucionales no tienen ni los recursos ni la experiencia para manejar este trabajo. DRRT puede ayudar. El servicio de presentaci\u00f3n de reclamos de DRRT garantiza una cobertura completa de todas las liquidaciones de acciones colectivas de valores, liquidaciones de restituci\u00f3n de la Comisi\u00f3n de Bolsa de Valores (SEC), oportunidades de reclamaciones de liquidaciones colectivas globales (como acuerdos australianos y holandeses), as\u00ed como grandes asuntos de insolvencia global. Despu\u00e9s de identificar uno o m\u00e1s valores afectados en su cartera, revisaremos sus inversiones fondo por fondo y transacci\u00f3n por transacci\u00f3n para cada caso individual en preparaci\u00f3n de la presentaci\u00f3n. Nuestro equipo de expertos en presentaci\u00f3n de reclamos y analistas con experiencia procesa todas las transacciones en conformidad con los requisitos espec\u00edficos del administrador de reclamos y presenta un reclamo completo y oportuno para obtener la m\u00e1xima recuperaci\u00f3n.<\/p>\n","protected":false},"excerpt":{"rendered":"<p>Presentaci\u00f3n de reclamos de acuerdos colectiva (class actions) en EE. UU. Y Canad\u00e1 Cada a\u00f1o, miles de millones de d\u00f3lares&hellip; <\/p>\n","protected":false},"author":1,"featured_media":0,"parent":1713,"menu_order":0,"comment_status":"closed","ping_status":"closed","template":"page-template\/filed-cases.php","meta":{"_acf_changed":false,"footnotes":""},"class_list":["post-1746","page","type-page","status-publish","hentry"],"acf":[],"_links":{"self":[{"href":"https:\/\/drrt.com\/es\/wp-json\/wp\/v2\/pages\/1746","targetHints":{"allow":["GET"]}}],"collection":[{"href":"https:\/\/drrt.com\/es\/wp-json\/wp\/v2\/pages"}],"about":[{"href":"https:\/\/drrt.com\/es\/wp-json\/wp\/v2\/types\/page"}],"author":[{"embeddable":true,"href":"https:\/\/drrt.com\/es\/wp-json\/wp\/v2\/users\/1"}],"replies":[{"embeddable":true,"href":"https:\/\/drrt.com\/es\/wp-json\/wp\/v2\/comments?post=1746"}],"version-history":[{"count":3,"href":"https:\/\/drrt.com\/es\/wp-json\/wp\/v2\/pages\/1746\/revisions"}],"predecessor-version":[{"id":6952,"href":"https:\/\/drrt.com\/es\/wp-json\/wp\/v2\/pages\/1746\/revisions\/6952"}],"up":[{"embeddable":true,"href":"https:\/\/drrt.com\/es\/wp-json\/wp\/v2\/pages\/1713"}],"wp:attachment":[{"href":"https:\/\/drrt.com\/es\/wp-json\/wp\/v2\/media?parent=1746"}],"curies":[{"name":"wp","href":"https:\/\/api.w.org\/{rel}","templated":true}]}}