{"id":1741,"date":"2017-11-15T11:58:46","date_gmt":"2017-11-15T11:58:46","guid":{"rendered":"https:\/\/drrt.com\/cases\/institutional-claims-filing\/securities-related-antitrust-class-actions\/"},"modified":"2020-11-06T22:31:02","modified_gmt":"2020-11-06T22:31:02","slug":"securities-related-antitrust-class-actions","status":"publish","type":"page","link":"https:\/\/drrt.com\/es\/cases\/institutional-claims-filing\/securities-related-antitrust-class-actions\/","title":{"rendered":"Presentaci\u00f3n de reclamaciones antimonopolio"},"content":{"rendered":"<h3><strong>Presentaci\u00f3n de reclamaciones antimonopolio<\/strong><\/h3>\n<p>DRRT garantiza que sus clientes puedan recuperar en acciones colectivas no relacionadas con valores, incluidos casos antimonopolio. La experiencia legal de DRRT en la gesti\u00f3n de litigios antimonopolio le da una comprensi\u00f3n \u00fanica de estos casos y las reclamaciones que siguen, incluidas las diferentes leyes y procesos que rigen estos mercados. Estos casos incluyen acuerdos complejos de divisas (FX), muchos de los cuales no tienen identificadores de seguridad. DRRT puede presentar estos casos en nombre de los clientes y puede ayudar a localizar las operaciones y transacciones relevantes para estos. Ejemplos de estos casos incluyen el litigio antimonopolio de Credit Default Swaps y las liquidaciones LIBOR, EURIBOR y EUROYEN.<\/p>\n","protected":false},"excerpt":{"rendered":"<p>Presentaci\u00f3n de reclamaciones antimonopolio DRRT garantiza que sus clientes puedan recuperar en acciones colectivas no relacionadas con valores, incluidos casos&hellip; <\/p>\n","protected":false},"author":1,"featured_media":0,"parent":1713,"menu_order":0,"comment_status":"closed","ping_status":"closed","template":"","meta":{"_acf_changed":false,"footnotes":""},"class_list":["post-1741","page","type-page","status-publish","hentry"],"acf":[],"_links":{"self":[{"href":"https:\/\/drrt.com\/es\/wp-json\/wp\/v2\/pages\/1741","targetHints":{"allow":["GET"]}}],"collection":[{"href":"https:\/\/drrt.com\/es\/wp-json\/wp\/v2\/pages"}],"about":[{"href":"https:\/\/drrt.com\/es\/wp-json\/wp\/v2\/types\/page"}],"author":[{"embeddable":true,"href":"https:\/\/drrt.com\/es\/wp-json\/wp\/v2\/users\/1"}],"replies":[{"embeddable":true,"href":"https:\/\/drrt.com\/es\/wp-json\/wp\/v2\/comments?post=1741"}],"version-history":[{"count":1,"href":"https:\/\/drrt.com\/es\/wp-json\/wp\/v2\/pages\/1741\/revisions"}],"predecessor-version":[{"id":6953,"href":"https:\/\/drrt.com\/es\/wp-json\/wp\/v2\/pages\/1741\/revisions\/6953"}],"up":[{"embeddable":true,"href":"https:\/\/drrt.com\/es\/wp-json\/wp\/v2\/pages\/1713"}],"wp:attachment":[{"href":"https:\/\/drrt.com\/es\/wp-json\/wp\/v2\/media?parent=1741"}],"curies":[{"name":"wp","href":"https:\/\/api.w.org\/{rel}","templated":true}]}}