{"id":1736,"date":"2017-11-15T11:58:18","date_gmt":"2017-11-15T11:58:18","guid":{"rendered":"https:\/\/drrt.com\/cases\/institutional-claims-filing\/insolvency-proceedings\/"},"modified":"2020-11-06T22:35:12","modified_gmt":"2020-11-06T22:35:12","slug":"insolvency-proceedings","status":"publish","type":"page","link":"https:\/\/drrt.com\/es\/cases\/institutional-claims-filing\/insolvency-proceedings\/","title":{"rendered":"Presentaci\u00f3n de reclamaciones por insolvencia"},"content":{"rendered":"<h3><strong>Presentaci\u00f3n de reclamaciones por insolvencia<\/strong><\/h3>\n<p>Adem\u00e1s de presentar reclamaciones en demandas colectivas de valores globales y acuerdos de la SEC, DRRT tambi\u00e9n ofrece la presentaci\u00f3n de reclamaciones en casos de insolvencia importantes. Estos casos suelen ser preseleccionados por nuestro equipo en funci\u00f3n de los activos de la empresa que ingresa al proceso de insolvencia. Algunos de los casos manejados con \u00e9xito por DRRT en los EE. UU. y Europa incluyen la insolvencia de Lehman Brothers (Lehman Brothers Holdings Inc., Lehman Brothers International (Europa)), las insolvencias de Madoff y Stanford y casos relacionados en los EE. UU. y Europa, as\u00ed como la insolvencia de Banco Espirito Santo (principalmente Espirito Santo Financial Group Luxembourg, SA), Oi Group (Oi Brasil Holdings Co\u00f6peratief U.A.,\u00a0Oi S.A.,\u00a0<em>et al<\/em>.) y\u00a0Wirecard AG.<\/p>\n","protected":false},"excerpt":{"rendered":"<p>Presentaci\u00f3n de reclamaciones por insolvencia Adem\u00e1s de presentar reclamaciones en demandas colectivas de valores globales y acuerdos de la SEC,&hellip; <\/p>\n","protected":false},"author":1,"featured_media":0,"parent":1713,"menu_order":0,"comment_status":"closed","ping_status":"closed","template":"","meta":{"_acf_changed":false,"footnotes":""},"class_list":["post-1736","page","type-page","status-publish","hentry"],"acf":[],"_links":{"self":[{"href":"https:\/\/drrt.com\/es\/wp-json\/wp\/v2\/pages\/1736","targetHints":{"allow":["GET"]}}],"collection":[{"href":"https:\/\/drrt.com\/es\/wp-json\/wp\/v2\/pages"}],"about":[{"href":"https:\/\/drrt.com\/es\/wp-json\/wp\/v2\/types\/page"}],"author":[{"embeddable":true,"href":"https:\/\/drrt.com\/es\/wp-json\/wp\/v2\/users\/1"}],"replies":[{"embeddable":true,"href":"https:\/\/drrt.com\/es\/wp-json\/wp\/v2\/comments?post=1736"}],"version-history":[{"count":2,"href":"https:\/\/drrt.com\/es\/wp-json\/wp\/v2\/pages\/1736\/revisions"}],"predecessor-version":[{"id":6956,"href":"https:\/\/drrt.com\/es\/wp-json\/wp\/v2\/pages\/1736\/revisions\/6956"}],"up":[{"embeddable":true,"href":"https:\/\/drrt.com\/es\/wp-json\/wp\/v2\/pages\/1713"}],"wp:attachment":[{"href":"https:\/\/drrt.com\/es\/wp-json\/wp\/v2\/media?parent=1736"}],"curies":[{"name":"wp","href":"https:\/\/api.w.org\/{rel}","templated":true}]}}