{"id":1731,"date":"2017-11-15T11:57:40","date_gmt":"2017-11-15T11:57:40","guid":{"rendered":"https:\/\/drrt.com\/cases\/institutional-claims-filing\/dutch-foundation-settlements\/"},"modified":"2020-11-06T22:32:28","modified_gmt":"2020-11-06T22:32:28","slug":"dutch-foundation-settlements","status":"publish","type":"page","link":"https:\/\/drrt.com\/es\/cases\/institutional-claims-filing\/dutch-foundation-settlements\/","title":{"rendered":"Presentaci\u00f3n de reclamaciones de acuerdos de fundaciones holandesas"},"content":{"rendered":"<h3><strong>Presentaci\u00f3n de reclamaciones de acuerdos de fundaciones holandesas<\/strong><\/h3>\n<p>DRRT tiene mucha experiencia especial en acciones y acuerdos de fundaciones holandesas bajo el r\u00e9gimen de acuerdos colectivos holandeses (WCAM o Wet Collectieve afwikkeling van massaschades), incluida la creaci\u00f3n de fundaciones. DRRT ha registrado a miles de inversores institucionales participantes en fundaciones de asentamientos holandeses, por ejemplo, Royal Dutch Shell, EADS, Fortis, Royal Imtech y Libor. Durante la fase de liquidaci\u00f3n posterior a la acci\u00f3n colectiva, tambi\u00e9n ayudamos a los inversores institucionales a presentar reclamos en el fondo de liquidaci\u00f3n, de forma similar al proceso de administraci\u00f3n de reclamos de acciones colectivas en EE.UU.<\/p>\n","protected":false},"excerpt":{"rendered":"<p>Presentaci\u00f3n de reclamaciones de acuerdos de fundaciones holandesas DRRT tiene mucha experiencia especial en acciones y acuerdos de fundaciones holandesas&hellip; <\/p>\n","protected":false},"author":1,"featured_media":0,"parent":1713,"menu_order":0,"comment_status":"closed","ping_status":"closed","template":"","meta":{"_acf_changed":false,"footnotes":""},"class_list":["post-1731","page","type-page","status-publish","hentry"],"acf":[],"_links":{"self":[{"href":"https:\/\/drrt.com\/es\/wp-json\/wp\/v2\/pages\/1731","targetHints":{"allow":["GET"]}}],"collection":[{"href":"https:\/\/drrt.com\/es\/wp-json\/wp\/v2\/pages"}],"about":[{"href":"https:\/\/drrt.com\/es\/wp-json\/wp\/v2\/types\/page"}],"author":[{"embeddable":true,"href":"https:\/\/drrt.com\/es\/wp-json\/wp\/v2\/users\/1"}],"replies":[{"embeddable":true,"href":"https:\/\/drrt.com\/es\/wp-json\/wp\/v2\/comments?post=1731"}],"version-history":[{"count":1,"href":"https:\/\/drrt.com\/es\/wp-json\/wp\/v2\/pages\/1731\/revisions"}],"predecessor-version":[{"id":6954,"href":"https:\/\/drrt.com\/es\/wp-json\/wp\/v2\/pages\/1731\/revisions\/6954"}],"up":[{"embeddable":true,"href":"https:\/\/drrt.com\/es\/wp-json\/wp\/v2\/pages\/1713"}],"wp:attachment":[{"href":"https:\/\/drrt.com\/es\/wp-json\/wp\/v2\/media?parent=1731"}],"curies":[{"name":"wp","href":"https:\/\/api.w.org\/{rel}","templated":true}]}}