{"id":1726,"date":"2017-11-15T11:56:55","date_gmt":"2017-11-15T11:56:55","guid":{"rendered":"https:\/\/drrt.com\/cases\/institutional-claims-filing\/australian-securities-class-actions\/"},"modified":"2020-11-06T22:33:29","modified_gmt":"2020-11-06T22:33:29","slug":"australian-securities-class-actions","status":"publish","type":"page","link":"https:\/\/drrt.com\/es\/cases\/institutional-claims-filing\/australian-securities-class-actions\/","title":{"rendered":"Presentaci\u00f3n de reclamos de acuerdos de demanda colectiva en Australia"},"content":{"rendered":"<h3><strong>Presentaci\u00f3n de reclamos de acuerdos de demanda colectiva en Australia<\/strong><\/h3>\n<p>DRRT supervisa todas las acciones colectivas australianas y mantiene estrechas relaciones con los principales bufetes de abogados australianos y los financiadores de litigios involucrados en acciones colectivas an\u00f3nimas y sin riesgos. Evaluamos cuidadosamente los t\u00e9rminos y detalles de cada acci\u00f3n de clase y completamos la documentaci\u00f3n de participaci\u00f3n en el caso requerida para nuestros clientes. Nuestros clientes se benefician de la experiencia legal y de presentaci\u00f3n de reclamos de DRRT en Australia y no enfrentan cargas financieras ni riesgos de reputaci\u00f3n\/publicidad al participar en estos acuerdos. DRRT maneja las demandas colectivas australianas desde la documentaci\u00f3n previa al acuerdo y la presentaci\u00f3n hasta el desembolso final y el cobro de los fondos de los clientes sobre la base de las mejores tasas de financiamiento disponibles para los clientes de DRRT dada la fuerza colectiva de los clientes de DRRT involucrados.<\/p>\n","protected":false},"excerpt":{"rendered":"<p>Presentaci\u00f3n de reclamos de acuerdos de demanda colectiva en Australia DRRT supervisa todas las acciones colectivas australianas y mantiene estrechas&hellip; <\/p>\n","protected":false},"author":1,"featured_media":0,"parent":1713,"menu_order":0,"comment_status":"closed","ping_status":"closed","template":"","meta":{"_acf_changed":false,"footnotes":""},"class_list":["post-1726","page","type-page","status-publish","hentry"],"acf":[],"_links":{"self":[{"href":"https:\/\/drrt.com\/es\/wp-json\/wp\/v2\/pages\/1726","targetHints":{"allow":["GET"]}}],"collection":[{"href":"https:\/\/drrt.com\/es\/wp-json\/wp\/v2\/pages"}],"about":[{"href":"https:\/\/drrt.com\/es\/wp-json\/wp\/v2\/types\/page"}],"author":[{"embeddable":true,"href":"https:\/\/drrt.com\/es\/wp-json\/wp\/v2\/users\/1"}],"replies":[{"embeddable":true,"href":"https:\/\/drrt.com\/es\/wp-json\/wp\/v2\/comments?post=1726"}],"version-history":[{"count":1,"href":"https:\/\/drrt.com\/es\/wp-json\/wp\/v2\/pages\/1726\/revisions"}],"predecessor-version":[{"id":6955,"href":"https:\/\/drrt.com\/es\/wp-json\/wp\/v2\/pages\/1726\/revisions\/6955"}],"up":[{"embeddable":true,"href":"https:\/\/drrt.com\/es\/wp-json\/wp\/v2\/pages\/1713"}],"wp:attachment":[{"href":"https:\/\/drrt.com\/es\/wp-json\/wp\/v2\/media?parent=1726"}],"curies":[{"name":"wp","href":"https:\/\/api.w.org\/{rel}","templated":true}]}}