{"id":706,"date":"2017-10-23T14:08:23","date_gmt":"2017-10-23T14:08:23","guid":{"rendered":"https:\/\/drrt.com\/our-firm\/why-choose-us\/"},"modified":"2017-12-06T11:22:39","modified_gmt":"2017-12-06T11:22:39","slug":"why-choose-us","status":"publish","type":"page","link":"https:\/\/drrt.com\/de\/our-firm\/why-choose-us\/","title":{"rendered":"Why Choose Us"},"content":{"rendered":"<div class=\"why-choose-us\">\n<div>\n<h3>Warum entscheiden sich institutionelle Investoren f\u00fcr den DRRT-Service f\u00fcr globalen Investorenschutz?<\/h3>\n<p><img loading=\"lazy\" decoding=\"async\" src=\"https:\/\/drrt.com\/wp-content\/uploads\/2017\/10\/protect-service-300x200.png\" alt=\"\" width=\"300\" height=\"200\" class=\"alignright size-medium wp-image-73\" srcset=\"https:\/\/drrt.com\/wp-content\/uploads\/2017\/10\/protect-service-300x200.png 300w, https:\/\/drrt.com\/wp-content\/uploads\/2017\/10\/protect-service.png 454w\" sizes=\"auto, (max-width: 300px) 100vw, 300px\" \/><\/p>\n<p>DRRT ist seit mehr als einem Jahrzehnt Vorreiter im Bereich des globalen Investorenschutzes, speziell bei Schadensersatzforderungen f\u00fcr institutionelle Investoren und Corporate Governance in L\u00e4ndern au\u00dferhalb der USA. Unser Team internationaler Anw\u00e4lte und Analysten ber\u00e4t und vertritt institutionelle Investoren im Rahmen von Verlustausgleichsm\u00f6glichkeiten bei Sch\u00e4den, die aus falschen Mitteilungen oder Betrug durch b\u00f6rsennotierte Unternehmen resultieren.<\/p>\n<\/div>\n<div>\n<h3>Warum ist globaler Investorenschutz unverzichtbar?<\/h3>\n<p>Aktuelle Entwicklungen durch die Rechtsprechung von US-Gerichten, die die Einbeziehung von Forderungen von Investoren au\u00dferhalb der USA oder von ausl\u00e4ndischen Wertpapiertransaktionen in US-Sammelklagen einschr\u00e4nken, haben zu einem gesteigerten Interesse an Klageverfahren au\u00dferhalb der USA gef\u00fchrt<\/p>\n<p> Zudem haben institutionelle Investoren gelernt, dass die \u00dcberwachung und Durchsetzung von Anspr\u00fcchen im Rahmen von Vergleichen in Sammelklageverfahren in den USA und in Kanada nicht mehr ausreichen, um die Auswirkungen von internationalem Wertpapierbetrug einzugrenzen. Im Besonderen ist dies auf die begrenzte M\u04e7glichkeit von Sammelklagen f\u00fcr Investoren au\u00dferhalb der USA und Kanada zur\u00fcckzuf\u00fchren.<\/p>\n<p>  Au\u00dferhalb dieser L\u00e4nder f\u00fchrt das einfache Abwarten auf Entscheidungen \u00fcblicherweise dazu, dass Forderungen verj\u00e4hren und Investoren von den Schadensersatzzahlungen ausgeschlossen sind. Demzufolge beteiligen sich proaktive Investoren zunehmend an Klageverfahren au\u00dferhalb der USA. Gleichzeitig haben Investoren verst\u00e4rkt die M\u00f6glichkeiten eines Austritts (Opt-Out) aus US-Sammelklagen wahrgenommen. Kurz gesagt:,  Aktives Engagement im Rahmen von Schadensersatzklagen gibt institutionellen Investoren eine neue M\u00f6glichkeit Legal AlphaSM zu generieren.<sup>SM<\/sup>.<\/p>\n<\/div>\n<div>\n<h5>Monitoring und Recherche<\/h5>\n<ul>\n<li>Weltweites Monitoring von Vergleichen bei Sammelklageverfahren und kollektiven Klagen mit vollst\u00e4ndiger Abdeckungsgarantie<\/li>\n<li>Umfangreiche Kenntnisse bez\u00fcglich alternativer Verlustausgleichsm\u00f6glichkeiten in Jurisdiktionen, die keine Sammelklageverfahren vorsehen<\/li>\n<li>Weitreichende Recherchef\u00e4higkeiten einschlie\u00dflich \u00f6konomischer und juristischer Analysen<\/li>\n<\/ul>\n<\/div>\n<div>\n<h5>Weitreichende Recherchef\u00e4higkeiten einschlie\u00dflich \u00f6konomischer und juristischer Analysen<\/h5>\n<ul>\n<li>Claims Filing f\u00fcr internationale Kunden im Rahmen von Vergleichen bei Wertpapiersammelklagen, Gewinnabsch\u00f6pfungsanspr\u00fcchen aus Vergleichen der US-Finanzaufsicht (U.S. Securities Exchange Commission) und ausgew\u00e4hlten Insolvenzverfahren<\/li>\n<li>Ausgefeilte und erprobte Datenanalyseverfahren f\u00fcr maximalen Schadensersatz und zur Vermeidung von Datenm\u00e4ngeln bei der Antragstellung<\/li>\n<li>Erkennen und Beseitigung von Datenm\u00e4ngeln zur Maximierung des Schadensersatzes<\/li>\n<li>F\u00e4higkeit, mit historischen Daten-Downloads von allen Wertpapieren oder je nach pro Fall mit individuellen Handelsposten zu arbeiten; direkte Interaktion mit Depotbanken und Back-Office-Dienstleistern, um den Aufwand f\u00fcr Mandanten so gering wie m\u00f6glich zu halten<\/li>\n<li>Umfassende \u00dcberpr\u00fcfung von abgelehnten Antr\u00e4gen und Garantie einer maximalen Schadensersatzzahlung an unsere Mandanten<\/li>\n<li>Einziehungs-\/Scheckauszahlungsservice f\u00fcr Mandantenguthaben, die vom Claims Administrator auf individuelle und versicherte Treuhandkonten (IOTA-Konto) \u00fcberwiesen werden<\/li>\n<li>Einfache, schnelle und kostenlose \u00dcberweisungen von R\u00fcckerstattungen an Mandantenkonten bzw. Depotbanken<\/li>\n<\/ul>\n<\/div>\n<div>\n<h5>Service und Tools<\/h5>\n<ul>\n<li>Flexible und individuell angepasste Geb\u00fchrenmodelle einschlie\u00dflich Laufzeitvertr\u00e4gen mit fixer Verg\u00fctung oder Modellen mit Erfolgsgeb\u00fchren<\/li>\n<li>Individuell anpassbare und umfassende Tools zur Berichterstattung<\/li>\n<li>Effizientes Tracking-System f\u00fcr den Empfang und die Auszahlung von Schadensersatzzahlungen<\/li>\n<li>Facettenreiches Kunden-Webportal<\/li>\n<li>Personalisierter Service auf h\u00f6chstem Niveau mit Informations- und Fortbildungsveranstaltungen beim Mandanten vor Ort<\/li>\n<\/ul>\n<\/div>\n<\/div>\n","protected":false},"excerpt":{"rendered":"<p>Warum entscheiden sich institutionelle Investoren f\u00fcr den DRRT-Service f\u00fcr globalen Investorenschutz? DRRT ist seit mehr als einem Jahrzehnt Vorreiter im&hellip; <\/p>\n","protected":false},"author":1,"featured_media":0,"parent":661,"menu_order":0,"comment_status":"closed","ping_status":"closed","template":"","meta":{"_acf_changed":false,"footnotes":""},"class_list":["post-706","page","type-page","status-publish","hentry"],"acf":[],"_links":{"self":[{"href":"https:\/\/drrt.com\/de\/wp-json\/wp\/v2\/pages\/706","targetHints":{"allow":["GET"]}}],"collection":[{"href":"https:\/\/drrt.com\/de\/wp-json\/wp\/v2\/pages"}],"about":[{"href":"https:\/\/drrt.com\/de\/wp-json\/wp\/v2\/types\/page"}],"author":[{"embeddable":true,"href":"https:\/\/drrt.com\/de\/wp-json\/wp\/v2\/users\/1"}],"replies":[{"embeddable":true,"href":"https:\/\/drrt.com\/de\/wp-json\/wp\/v2\/comments?post=706"}],"version-history":[{"count":4,"href":"https:\/\/drrt.com\/de\/wp-json\/wp\/v2\/pages\/706\/revisions"}],"predecessor-version":[{"id":2339,"href":"https:\/\/drrt.com\/de\/wp-json\/wp\/v2\/pages\/706\/revisions\/2339"}],"up":[{"embeddable":true,"href":"https:\/\/drrt.com\/de\/wp-json\/wp\/v2\/pages\/661"}],"wp:attachment":[{"href":"https:\/\/drrt.com\/de\/wp-json\/wp\/v2\/media?parent=706"}],"curies":[{"name":"wp","href":"https:\/\/api.w.org\/{rel}","templated":true}]}}