{"id":691,"date":"2017-10-23T13:56:49","date_gmt":"2017-10-23T13:56:49","guid":{"rendered":"https:\/\/drrt.com\/our-firm\/overview\/"},"modified":"2020-10-08T06:50:34","modified_gmt":"2020-10-08T06:50:34","slug":"overview","status":"publish","type":"page","link":"https:\/\/drrt.com\/de\/our-firm\/overview\/","title":{"rendered":"Overview"},"content":{"rendered":"<div class=\"sec-content\">\n<div class=\"col-md-6 col-sm-6 left-section\">\n<p><span class=\"heilight-txt\">DRRT<\/span> ist eine internationale Anwaltskanzlei und Marktf\u00fchrer im Bereich der kundenorientierten, globalen Verlustausgleichsm\u00f6glichkeiten sowie ein angesehener Ansprechpartner f\u00fcr die Unterst\u00fctzung bei Sammel- und Gruppenklagen.<\/p>\n<p><span class=\"heilight-txt\">DRRT<\/span> ist einzigartig positioniert, um institutionelle Investoren in allen Aspekten globaler Verlustausgleichsm\u00f6glichkeiten zur Seite zu stehen. Hierzu z\u00e4hlen Analyse, Finanzierung, Bearbeitung und Beaufsichtigung \u00fcber die Prozessf\u00fchrung und Schiedsgerichtsbarkeit im Rahmen von kapitalmarktrechtlichen Verfahren sowie Claims Filing in globalen Vergleichen.<\/p>\n<\/div>\n<div class=\"col-md-6 col-sm-6 overview-video\">\n<iframe loading=\"lazy\" width=\"355\" height=\"220\" src=\"https:\/\/www.youtube.com\/embed\/INiIScx8C0g?rel=0&#038;showinfo=0&#038;autoplay=1&#038;hl=de&#038;cc_lang_pref=de&#038;cc_load_policy=1&#038;mute=1&#038;=de_DE&#038;fs=1\"><\/iframe><\/p>\n<p>At DRRT we strive to deliver the best service for our clients. <strong>Come take a virtual tour.<\/strong><\/p>\n<\/div>\n<\/div>\n","protected":false},"excerpt":{"rendered":"<p>DRRT ist eine internationale Anwaltskanzlei und Marktf\u00fchrer im Bereich der kundenorientierten, globalen Verlustausgleichsm\u00f6glichkeiten sowie ein angesehener Ansprechpartner f\u00fcr die Unterst\u00fctzung&hellip; <\/p>\n","protected":false},"author":1,"featured_media":0,"parent":661,"menu_order":0,"comment_status":"closed","ping_status":"closed","template":"page-overview.php","meta":{"_acf_changed":false,"footnotes":""},"class_list":["post-691","page","type-page","status-publish","hentry"],"acf":[],"_links":{"self":[{"href":"https:\/\/drrt.com\/de\/wp-json\/wp\/v2\/pages\/691","targetHints":{"allow":["GET"]}}],"collection":[{"href":"https:\/\/drrt.com\/de\/wp-json\/wp\/v2\/pages"}],"about":[{"href":"https:\/\/drrt.com\/de\/wp-json\/wp\/v2\/types\/page"}],"author":[{"embeddable":true,"href":"https:\/\/drrt.com\/de\/wp-json\/wp\/v2\/users\/1"}],"replies":[{"embeddable":true,"href":"https:\/\/drrt.com\/de\/wp-json\/wp\/v2\/comments?post=691"}],"version-history":[{"count":4,"href":"https:\/\/drrt.com\/de\/wp-json\/wp\/v2\/pages\/691\/revisions"}],"predecessor-version":[{"id":6868,"href":"https:\/\/drrt.com\/de\/wp-json\/wp\/v2\/pages\/691\/revisions\/6868"}],"up":[{"embeddable":true,"href":"https:\/\/drrt.com\/de\/wp-json\/wp\/v2\/pages\/661"}],"wp:attachment":[{"href":"https:\/\/drrt.com\/de\/wp-json\/wp\/v2\/media?parent=691"}],"curies":[{"name":"wp","href":"https:\/\/api.w.org\/{rel}","templated":true}]}}