{"id":676,"date":"2017-10-23T14:03:42","date_gmt":"2017-10-23T14:03:42","guid":{"rendered":"https:\/\/drrt.com\/our-firm\/drrt-advantages\/"},"modified":"2019-03-12T19:40:14","modified_gmt":"2019-03-12T19:40:14","slug":"drrt-advantages","status":"publish","type":"page","link":"https:\/\/drrt.com\/de\/our-firm\/drrt-advantages\/","title":{"rendered":"DRRT Advantages"},"content":{"rendered":"<h3>Wie unterscheiden wir uns von anderen Kanzleien?<\/h3>\n<p>Wir sind daf\u00fcr bekannt, dass wir neue Rechtssysteme analysieren und kreative Ans\u00e4tze und L\u00f6sungen finden, um das zu erreichen, was f\u00fcr unsere Mandanten am wichtigsten ist: der Schutz ihrer Verm\u00f6gen, faire Entsch\u00e4digungen bei Betrug und Verletzung von Unternehmenstransparenz und Verbesserung der Corporate Governance in Aktiengesellschaften. Dabei ist unser Ziel nat\u00fcrlich k\u00fcnftiges Fehlverhalten zu vermeiden und zu einer Verbesserung der Corporate Governance beizutragen. Wir kombinieren die Vertretung in aktiven Verfahren mit einer geeigneten Prozesskostenfinanzierung , um unsere Mandanten von Risiken und Kosten zu befreien.<\/p>\n<h3>Was macht den Service von DRRT so besonders?<\/h3>\n<div>\n<ul>\n<li>Wir konzentrieren uns auf die Bed\u00fcrfnisse unserer Mandanten und entwickeln individuell angepasste Leistungen auf Grundlage der Mandantenw\u00fcnsche und unserer mehr als 10-j\u00e4hrigen Erfahrung bei der Unterst\u00fctzung institutioneller Investoren.<\/li>\n<li>Wir bieten Dienstleistungen aus einer Hand an und erm\u00f6glichen unseren Mandanten, den gr\u00f6\u00dften Teil der Arbeit (und der Kosten) an einen Experten auszulagern.<\/li>\n<li>Wir \u00fcberzeugen durch die Zufriedenheit unserer Mandanten, da wir uns auf ein ausgefeiltes Qualit\u00e4tsmanagement im Rahmen von langfristigen Gesch\u00e4ftsbeziehungen konzentrieren.<\/li>\n<\/ul>\n<\/div>\n<h3>Auszeichnungen<\/h3>\n<div>\n<ul>\n<li>United States Commerce Association &#8211; Miami Award &#8211; DRRT Class Action Division &#8211; <em>Three Time Award Winner<\/em><\/li>\n<li>ICFM Law Awards Winner 2011<\/li>\n<li>Doing Business &#8211; IFC (International Finance Corporation \u2013 World Bank Group) Award<\/li>\n<li>Corporate INTL Global Awards Winner<\/li>\n<li>International Finance Magazine Law Awards<\/li>\n<li>Legal Comprehensive Law Award<\/li>\n<li>Lawyer Monthly \u2013 Legal Awards 2016: Securitites Lititgation Law Firm of the Year \u2013 USA<\/li>\n<li>Corporate INTL Global Awards 2019: Global Loss Recovery Law Firm of the Year in Florida, USA<\/li>\n<\/ul>\n<\/div>\n<h3>Mitgliedschaften<\/h3>\n<div class=\"col-md-6 membership-left\">\n<div>\n<ul class=\"list-style\">\n<li>ICGN Shareholder Rights Committee<\/li>\n<li>French-American Chamber of Commerce of Florida<\/li>\n<li>National Association of Corporate Directors (NACD)<br \/>\n&#8211; Board Leadership and Governance Fellow<\/li>\n<li>International Association of Jurists (Associazione Internazionale Giuristi di Lingua Italiana) (AIGLI)<\/li>\n<li>German Bar Association (Deutscher Anwaltverein) (DAV)<\/li>\n<li>The Florida Bar\n<ul class=\"ul-list\">\n<li>Executive Council<\/li>\n<li>International Law Section<\/li>\n<li>International Law Board Certification Committee<\/li>\n<\/ul>\n<\/li>\n<\/ul>\n<\/div>\n<\/div>\n<div class=\"col-md-6 membership-right\">\n<div>\n<ul class=\"list-style\">\n<li>Totalbank Board of Directors<\/li>\n<li>Board of Trustees of The American University of Rome<\/li>\n<li>CONSULEGIS (International Network of Law Firms)<br \/>\n&#8211; International Lawyer<\/li>\n<li>German-American Lawyers&#8216; Association (Deutsch-Amerikanische Juristenvereinigung) (DAJV)<\/li>\n<li>International Association of Young Lawyers (Association Internationale des Jeunes Avocats) (AIJA)\n<ul class=\"ul-list\">\n<li>Member of the Commercial Fraud Commission<\/li>\n<li>Member of the Banking, Finance &amp; Capital Markets Law Commission<\/li>\n<li>Arbitration Commission Member<\/li>\n<\/ul>\n<\/li>\n<\/ul>\n<\/div>\n<\/div>\n","protected":false},"excerpt":{"rendered":"<p>Wie unterscheiden wir uns von anderen Kanzleien? Wir sind daf\u00fcr bekannt, dass wir neue Rechtssysteme analysieren und kreative Ans\u00e4tze und&hellip; <\/p>\n","protected":false},"author":1,"featured_media":0,"parent":661,"menu_order":0,"comment_status":"closed","ping_status":"closed","template":"","meta":{"_acf_changed":false,"footnotes":""},"class_list":["post-676","page","type-page","status-publish","hentry"],"acf":[],"_links":{"self":[{"href":"https:\/\/drrt.com\/de\/wp-json\/wp\/v2\/pages\/676","targetHints":{"allow":["GET"]}}],"collection":[{"href":"https:\/\/drrt.com\/de\/wp-json\/wp\/v2\/pages"}],"about":[{"href":"https:\/\/drrt.com\/de\/wp-json\/wp\/v2\/types\/page"}],"author":[{"embeddable":true,"href":"https:\/\/drrt.com\/de\/wp-json\/wp\/v2\/users\/1"}],"replies":[{"embeddable":true,"href":"https:\/\/drrt.com\/de\/wp-json\/wp\/v2\/comments?post=676"}],"version-history":[{"count":2,"href":"https:\/\/drrt.com\/de\/wp-json\/wp\/v2\/pages\/676\/revisions"}],"predecessor-version":[{"id":4577,"href":"https:\/\/drrt.com\/de\/wp-json\/wp\/v2\/pages\/676\/revisions\/4577"}],"up":[{"embeddable":true,"href":"https:\/\/drrt.com\/de\/wp-json\/wp\/v2\/pages\/661"}],"wp:attachment":[{"href":"https:\/\/drrt.com\/de\/wp-json\/wp\/v2\/media?parent=676"}],"curies":[{"name":"wp","href":"https:\/\/api.w.org\/{rel}","templated":true}]}}