{"id":571,"date":"2017-10-24T15:31:09","date_gmt":"2017-10-24T15:31:09","guid":{"rendered":"https:\/\/drrt.com\/areas-of-expertise\/institutional-claims-filing-2\/"},"modified":"2019-03-12T19:38:27","modified_gmt":"2019-03-12T19:38:27","slug":"institutional-claims-filing","status":"publish","type":"page","link":"https:\/\/drrt.com\/de\/areas-of-expertise\/institutional-claims-filing\/","title":{"rendered":"Institutional Claims Filing"},"content":{"rendered":"<h3>J\u00e4hrlich werden Milliarden von US-Dollar (und andere W\u00e4hrungen) von qualifizierten Anlegern nicht geltend gemacht. Grund daf\u00fcr ist die nicht vorhandene notwendige Expertise oder das Fehlen interner Abl\u00e4ufe, was dazu f\u00fchrt, dass Antr\u00e4ge nicht fristgerecht eingereicht und M\u00e4ngelanzeigen nicht rechtzeitig bearbeitet werden. Viele institutionelle Investoren verf\u00fcgen nicht \u00fcber die notwendigen Ressourcen und Fachkenntnisse, um die arbeitsintensiven und zeitaufw\u00e4ndigen Arbeitsabl\u00e4ufe selbst zu bew\u00e4ltigen. Wir \u00fcbernehmen dies f\u00fcr unsere Mandanten.<\/h3>\n<p>Der Claims Filing Service von DRRT deckt alle Bereiche von Vergleichen bei Sammelklagen, Gewinnabsch\u00f6pfungsanspr\u00fcchen aus Vergleichen der U.S. Securities Exchange Commission, Vergleichsm\u00f6glichkeiten bei internationalen kollektiven Klagen (wie beispielsweise Vergleiche in Australien und den Niederlanden), sowie bei gro\u00dfen internationalen Insolvenzverfahren ab. DRRT kann nachweislich auf Erfolge bei der Sammlung,der Rechnungslegung\/Berichterstattung und der Auszahlung von Schadensersatzzahlungen f\u00fcr institutionelle Anleger verweisen. Dabei wurden bisher R\u00fcckzahlungen im Wert von einer Milliarde US-Dollar bei Verfahren in den USA, Kanada, Australien, den Niederlanden, Deutschland und Japan erreicht. Unsere Kunden begr\u00fc\u00dfen die M\u00f6glichkeit, diese arbeitsintensiven, zeitaufw\u00e4ndigen und risikoreichen Aufgaben, die nicht zu ihren Kernkompetenzen geh\u00f6ren, an DRRT auszulagern. So k\u00f6nnen unsere Kunden einerseits ihren treuh\u00e4nderischen Pflichten nachkommen und gleichzeitig ihre internen Ressourcen auf das zentrale Gesch\u00e4ft konzentrieren. In vielen F\u00e4llen werden Geb\u00fchren f\u00fcr Aktivit\u00e4ten au\u00dferhalb der eigenen Kernt\u00e4tigkeitsfelder, die an Drittanbieter wie DRRT weitergegeben werden, direkt von den tats\u00e4chlichen Beg\u00fcnstigten \u2013 Anlagefonds oder Kunden &#8211; \u00fcbernommen.<\/p>\n<h2>Der DRRT Claims Filing-Service beinhaltet<\/h2>\n<h4>Pro-Active Portfolio MonitoringSM (PPM)<\/h4>\n<p>Unser automatisiertes System zur proaktiven Portfolio\u00fcberwachung erkennt \u00dcbereinstimmungen zwischen dem Anlageportfolio unserer Mandanten und den betroffenen Wertpapieren f\u00fcr alle weltweit relevanten Schadensersatzm\u00f6glichkeiten, sodass sichergestellt wird, dass keine F\u00e4lle \u00fcbersehen werden. DRRT ist in der Lage mit historischen Wertpapierdaten oder je nach Fall mit individuellen Handelsposten zu arbeiten. Wir treten mit Depotbanken und Back-Office-Dienstleistern in Kontakt, um den Aufwand f\u00fcr unsere Mandanten im Laufe des Verfahrens so gering wie m\u00f6glich zu halten.<\/p>\n<h4>Claims Filing in internationalen Wertpapiersammelklageverfahren<\/h4>\n<p>Nachdem betroffene Wertpapiere im Portfolio unserer Kunden identifiziert wurden, \u00fcberpr\u00fcfen wir die einzelnen Fonds und Transaktionen der Anlage f\u00fcr jeden einzelnen Fall, um die Geltendmachung der Forderungen vorzubereiten. Unser Team von erfahrenen Experten und Datenanalysten bearbeitet alle Transaktionsdaten unter Einhaltung der Anforderungen des jeweiligen Falles und Claims Administrators. Danach werden die Antr\u00e4ge fristgerecht und vollst\u00e4ndig eingereicht, um so maximale Schadensersatzzahlungen zu erreichen.<\/p>\n<h4>Geltendmachung von Forderungen in Insolvenzverfahren<\/h4>\n<p>Zus\u00e4tzlich zum Claims Filing im Rahmen von internationalen Wertpapiersammelklagen und SEC-Vergleichen, macht DRRT auch die Forderungen bei gro\u00dfen Insolvenzverfahren geltend. Diese F\u00e4lle werden \u00fcblicherweise von unserem Team zuvor auf Grundlage des verbleibenden Verm\u00f6gens des Unternehmens, das in das Insolvenzverfahren eintritt, ausgew\u00e4hlt. Zu den von DRRT erfolgreich bearbeiteten F\u00e4llen in den USA und Europa geh\u00f6ren unter anderem die Insolvenzen von Lehman Brothers (Lehman Brother Holdings Inc., Lehman Brothers International (Europa)), Madoff und Stanford (einschlie\u00dflich zugeh\u00f6riger Verfahren in den USA und Europa) sowie die Insolvenz von Esp\u00edrito Santo (haupts\u00e4chlich Esp\u00edrito Santo Financial Group Luxembourg, S.A.).<\/p>\n<h4>Vergleiche durch Stiftungen niederl\u00e4ndischen Rechts<\/h4>\n<p>DRRT verf\u00fcgt \u00fcber besondere Kenntnisse im Bereich niederl\u00e4ndischer Stiftungsklagen und bei Vergleichen unter dem niederl\u00e4ndischen Gesetz f\u00fcr kollektive Abwicklung von Massesch\u00e4den (WCAM oder Wet collectieve afwikkeling van massaschades). Dazu z\u00e4hlen die Gr\u00fcndung von Stiftungen, die Vorbereitung von risikofreien Konzepten auf Basis von Erfolgsgeb\u00fchren und die gerichtliche Geltendmachung von Haftungsanspr\u00fcchen vor einem Vergleich. DRRT vertritt tausende von institutionellen Anlegern bei Stiftungsverfahren in den Niederlanden (z.B. Royal Dutch Shell, EADS, Fortis, BP, Tesco, SNS, Royal Imtech und Libor), die als vollziehbare kollektive Vergleiche mit europaweiter rechtlicher G\u00fcltigkeit unter dem WCAM-Statut anerkannt werden k\u00f6nnen. Nach dem gerichtlichen Vergleich unterst\u00fctzen wir institutionelle Investoren zudem bei der Geltendmachung ihrer anteiligen Forderungen an der Vergleichssumme (\u00e4hnlich des Prozesses bei Claims Filing in den USA).<\/p>\n<h4>Vergleiche in australischen Sammelklageverfahren<\/h4>\n<p>DRRT verfolgt alle australischen Sammelklagen und steht in enger Verbindung mit den f\u00fchrenden australischen Anwaltskanzleien und Prozessfinanzierern. Wir evaluieren mit gro\u00dfer Sorgfalt die Bedingungen und Details jeder Klage und stellen die erforderliche Dokumentation zur Teilnahme an einem Vergleichsverfahren f\u00fcr unsere Mandanten zusammen. Unsere Mandanten profitieren von unserer juristischen Expertise und unserem Fachwissen bei der Geltendmachung von Forderungen in australischen F\u00e4llen. Dabei sind unsere Mandanten weder finanziellen Risiken, noch der M\u00f6glichkeit einer \u00f6ffentlichen Nennung ihres Namens ausgesetzt. Wir k\u00fcmmern uns um die Geltendmachung der Anspr\u00fcche bis zur abschlie\u00dfenden Auszahlung der Gelder. Angesichts der hohen Anzahl der von uns vertretenen Investoren, erhalten wir dabei die bestm\u00f6glichen Konditionen f\u00fcr unsere Mandanten.<\/p>\n<h2>Spezielle Leistungen und Vorteile<\/h2>\n<p>Finanzrecherchen und Datenanalysen: Unsere hochspezialisierten Experten im Bereich Claims Filing und unsere Datenanalysten st\u00fctzen sich auf die neuesten Technologien, um weitreichende Finanzrecherchen, statistische Modelle und Analysen von Anlagedaten durchzuf\u00fchren. Zudem sind sie in der Lage, die Performance von Wertpapieren zu bewerten und Sch\u00e4den sowie anerkennungsf\u00e4hige Verluste zu kalkulieren.<\/p>\n<h4>Claim Monitoring<\/h4>\n<p>Wir \u00fcberwachen und verfolgen jeden gestellten Antrag im Detail und bieten unseren Mandanten einen direkten Zugang zu unserer Datenbank, \u00fcber welche sie den Status jedes einzelnen Antrags (einschlie\u00dflich der Claim Nummer, anerkennungsf\u00e4higer Verluste, Aussch\u00fcttungssummen und anderer relevanter Informationen) einsehen k\u00f6nnen. Kundenberichte und Webportal: Wir bieten zahlreiche Tools zur Berichterstattung, die wir unseren Mandanten \u00fcber ein sicheres, speziell auf ihre Bed\u00fcrfnisse zugeschnittenes Webportal auf unserer Website zur Verf\u00fcgung stellen. Das Portal bietet dar\u00fcber hinaus alle relevanten Informationen bez\u00fcglich der eingereichten Antr\u00e4ge und der jeweiligen Verfahren, in die denen der jeweilige Kunde involviert ist.<\/p>\n<h4>Praktische und flexible Geb\u00fchrenmodelle<\/h4>\n<p>Wir bieten praktische und flexible Geb\u00fchrenmodelle, die den individuellen Anforderungen unserer Mandanten gerecht werden. Personalisierung: Wir sind bekannt f\u00fcr unseren Kundenservice und unsere qualitativ hochwertigen Dienstleistungen. Wir legen Wert auf die Beziehung zu unseren Mandanten. So wird jedem Kunden ein DRRT-Mitarbeiter zugewiesen, der mit den Eigenschaften und den Eigenarten der kundenspezifischen Transaktionsdaten vertraut ist. Hiermit garantieren wir einen reibungslosen Ablauf, vermeiden nachtr\u00e4gliche Fragen des Claims Administrators, beschleunigen den Abwicklungsprozess und erreichen eine maximale R\u00fcckerstattung.<\/p>\n<h4>Sicherheit und Datenschutz<\/h4>\n<p>Wir werden den h\u00f6chsten Sicherheitsstandards gerecht und unsere diesbez\u00fcgliche Praxis entspricht dem Safe-Harbor-Abkommen zwischen den USA und der EU sowie dem vom US-Handelsministerium initiierten Safe-Harbor-Abkommen zwischen den USA und der Schweiz bez\u00fcglich der Sammlung, Nutzung und Speicherung von pers\u00f6nlichen Daten aus EU-Mitgliedsstaaten und der Schweiz. Wir versichern, dass wir uns strikt an die Datenschutzrichtlinien des Safe-Harbor-Abkommens bez\u00fcglich Benachrichtigungen, Wahlm\u00f6glichkeiten, Weiterleitung von Daten, Datensicherheit, Integrit\u00e4t von Daten, Zugriff auf Daten und Durchsetzung von Richtlinien halten. Wir bieten unseren Mandanten verschiedene Methoden zur sicheren \u00dcbermittlung von Daten an, z.B. WinZip oder SEPPmail-Verschl\u00fcsselung. Zudem haben unsere Mandanten auch die M\u00f6glichkeit, auf unseren FTP-Server zuzugreifen.<\/p>\n","protected":false},"excerpt":{"rendered":"<p>J\u00e4hrlich werden Milliarden von US-Dollar (und andere W\u00e4hrungen) von qualifizierten Anlegern nicht geltend gemacht. Grund daf\u00fcr ist die nicht vorhandene&hellip; <\/p>\n","protected":false},"author":1,"featured_media":0,"parent":541,"menu_order":0,"comment_status":"closed","ping_status":"closed","template":"","meta":{"_acf_changed":false,"footnotes":""},"class_list":["post-571","page","type-page","status-publish","hentry"],"acf":[],"_links":{"self":[{"href":"https:\/\/drrt.com\/de\/wp-json\/wp\/v2\/pages\/571","targetHints":{"allow":["GET"]}}],"collection":[{"href":"https:\/\/drrt.com\/de\/wp-json\/wp\/v2\/pages"}],"about":[{"href":"https:\/\/drrt.com\/de\/wp-json\/wp\/v2\/types\/page"}],"author":[{"embeddable":true,"href":"https:\/\/drrt.com\/de\/wp-json\/wp\/v2\/users\/1"}],"replies":[{"embeddable":true,"href":"https:\/\/drrt.com\/de\/wp-json\/wp\/v2\/comments?post=571"}],"version-history":[{"count":3,"href":"https:\/\/drrt.com\/de\/wp-json\/wp\/v2\/pages\/571\/revisions"}],"predecessor-version":[{"id":4576,"href":"https:\/\/drrt.com\/de\/wp-json\/wp\/v2\/pages\/571\/revisions\/4576"}],"up":[{"embeddable":true,"href":"https:\/\/drrt.com\/de\/wp-json\/wp\/v2\/pages\/541"}],"wp:attachment":[{"href":"https:\/\/drrt.com\/de\/wp-json\/wp\/v2\/media?parent=571"}],"curies":[{"name":"wp","href":"https:\/\/api.w.org\/{rel}","templated":true}]}}