{"id":566,"date":"2017-10-30T05:36:39","date_gmt":"2017-10-30T05:36:39","guid":{"rendered":"https:\/\/drrt.com\/areas-of-expertise\/global-securities-litigation\/u-s-and-canadian-securities-litigation\/"},"modified":"2017-11-10T19:05:38","modified_gmt":"2017-11-10T19:05:38","slug":"u-s-and-canadian-securities-litigation","status":"publish","type":"page","link":"https:\/\/drrt.com\/de\/areas-of-expertise\/global-securities-litigation\/u-s-and-canadian-securities-litigation\/","title":{"rendered":"Wertpapierverfahren in den USA und Kanada"},"content":{"rendered":"<h3>Wertpapierverfahren in den USA und Kanada<\/h3>\n<p>Trotz strenger Regulierung der an internationalen B\u00f6rsen gelisteten Unternehmen gibt es zahlreiche F\u00e4lle, in denen Wertpapierrecht missachtet wird, vor allem in den USA: W\u00e4hrend nationale Ermittlungsbeh\u00f6rden ihren Teil beisteuern, hat sich gezeigt, dass private Klageverfahren in den USA und Kanada sehr effektiv und erfolgversprechend sind; schlie\u00dflich gibt es hier die M\u00f6glichkeit Sammelklagen durchzuf\u00fchren. Allein in den USA gab es im Durchschnitt \u00fcber 150 Aktion\u00e4rssammelklagen j\u00e4hrlich. Dabei waren in der Vergangenheit Unternehmen und Wertpapiere sowohl in den USA als auch au\u00dferhalb der USA betroffen.<\/p>\n<p>Die Zahl der F\u00e4lle gegen US-Unternehmen bleibt immer noch bei \u00fcber 100 pro Jahr, trotz der \u00c4nderungen seit der Entscheidung im Verfahren Morrison v National Australia Bank.<\/p>\n<p>W\u00e4hrend eine passive Strategie im Claims Filing bei Vergleichen in Sammelklageverfahren eine einfache und sichere Art und Weise darstellt, Verluste zur\u00fcckzugewinnen, hat sich ein proaktiver Ansatz im Rahmen laufender Prozesse in Form eines Opt-Outs von Sammelklagen als zielf\u00fchrender erwiesen, um maximale Schadensersatzsummen zu erreichen. Daher sollte diese Art der Strategie in Verfahren in Betracht gezogen werden, bei denen die Sch\u00e4den erheblich sind.<\/p>\n<p>Unsere Anw\u00e4lte vertreten institutionelle Anleger im Rahmen von Sammelklagen und Privatklagen in Nordamerika erfolgreich seit \u00fcber zehn Jahren.<\/p>\n","protected":false},"excerpt":{"rendered":"<p>Wertpapierverfahren in den USA und Kanada Trotz strenger Regulierung der an internationalen B\u00f6rsen gelisteten Unternehmen gibt es zahlreiche F\u00e4lle, in&hellip; <\/p>\n","protected":false},"author":1,"featured_media":0,"parent":546,"menu_order":0,"comment_status":"closed","ping_status":"closed","template":"","meta":{"_acf_changed":false,"footnotes":""},"class_list":["post-566","page","type-page","status-publish","hentry"],"acf":[],"_links":{"self":[{"href":"https:\/\/drrt.com\/de\/wp-json\/wp\/v2\/pages\/566","targetHints":{"allow":["GET"]}}],"collection":[{"href":"https:\/\/drrt.com\/de\/wp-json\/wp\/v2\/pages"}],"about":[{"href":"https:\/\/drrt.com\/de\/wp-json\/wp\/v2\/types\/page"}],"author":[{"embeddable":true,"href":"https:\/\/drrt.com\/de\/wp-json\/wp\/v2\/users\/1"}],"replies":[{"embeddable":true,"href":"https:\/\/drrt.com\/de\/wp-json\/wp\/v2\/comments?post=566"}],"version-history":[{"count":2,"href":"https:\/\/drrt.com\/de\/wp-json\/wp\/v2\/pages\/566\/revisions"}],"predecessor-version":[{"id":1278,"href":"https:\/\/drrt.com\/de\/wp-json\/wp\/v2\/pages\/566\/revisions\/1278"}],"up":[{"embeddable":true,"href":"https:\/\/drrt.com\/de\/wp-json\/wp\/v2\/pages\/546"}],"wp:attachment":[{"href":"https:\/\/drrt.com\/de\/wp-json\/wp\/v2\/media?parent=566"}],"curies":[{"name":"wp","href":"https:\/\/api.w.org\/{rel}","templated":true}]}}