{"id":561,"date":"2017-10-30T05:51:15","date_gmt":"2017-10-30T05:51:15","guid":{"rendered":"https:\/\/drrt.com\/areas-of-expertise\/global-securities-litigation\/international-securities-litigation\/"},"modified":"2017-11-10T19:05:18","modified_gmt":"2017-11-10T19:05:18","slug":"international-securities-litigation","status":"publish","type":"page","link":"https:\/\/drrt.com\/de\/areas-of-expertise\/global-securities-litigation\/international-securities-litigation\/","title":{"rendered":"Internationale Wertpapierverfahren"},"content":{"rendered":"<h3>Internationale Wertpapierverfahren<\/h3>\n<p>W\u00e4hrend Verm\u00f6genseigner sich mit Dienstleistern abstimmen k\u00f6nnen, um Anspr\u00fcche bei Vergleichen in Sammelklageverfahren in den USA (und Kanada) einzureichen, besteht diese M\u00f6glichkeit au\u00dferhalb des nordamerikanischen Sammelklagesystems nicht. Um Schadensersatz zu erhalten, m\u00fcssen sich Anleger in diesen Jurisdiktionen aktiv im Rahmen des Schadensersatzverfahrens einsetzen.<\/p>\n<p>Durch unsere branchenf\u00fchrende Erfahrung und unser umfassendes Verst\u00e4ndnis f\u00fcr die juristischen Grundlagen, Gesetze und geltenden Bestimmungen in Wertpapierverfahren in bedeutenden ausl\u00e4ndischen Rechtssystemen sind wir die ideale Unterst\u00fctzung bei allen Belangen im Rahmen von Schadensersatzforderungen globaler Investoren. Wir waren in der Vergangenheit und sind aktuell aktiv in Verfahren gegen Vivendi, Sky (bzw. Premiere), Royal Bank of Scotland, Saipem, Fortis, Hypo Real Estate, VW\/Porsche, Petrobras, Takata, Toshiba, Lloyds, Tesco, Banco Esp\u00edrito Santo und Olympus.<\/p>\n","protected":false},"excerpt":{"rendered":"<p>Internationale Wertpapierverfahren W\u00e4hrend Verm\u00f6genseigner sich mit Dienstleistern abstimmen k\u00f6nnen, um Anspr\u00fcche bei Vergleichen in Sammelklageverfahren in den USA (und Kanada)&hellip; <\/p>\n","protected":false},"author":1,"featured_media":0,"parent":546,"menu_order":0,"comment_status":"closed","ping_status":"closed","template":"","meta":{"_acf_changed":false,"footnotes":""},"class_list":["post-561","page","type-page","status-publish","hentry"],"acf":[],"_links":{"self":[{"href":"https:\/\/drrt.com\/de\/wp-json\/wp\/v2\/pages\/561","targetHints":{"allow":["GET"]}}],"collection":[{"href":"https:\/\/drrt.com\/de\/wp-json\/wp\/v2\/pages"}],"about":[{"href":"https:\/\/drrt.com\/de\/wp-json\/wp\/v2\/types\/page"}],"author":[{"embeddable":true,"href":"https:\/\/drrt.com\/de\/wp-json\/wp\/v2\/users\/1"}],"replies":[{"embeddable":true,"href":"https:\/\/drrt.com\/de\/wp-json\/wp\/v2\/comments?post=561"}],"version-history":[{"count":2,"href":"https:\/\/drrt.com\/de\/wp-json\/wp\/v2\/pages\/561\/revisions"}],"predecessor-version":[{"id":1277,"href":"https:\/\/drrt.com\/de\/wp-json\/wp\/v2\/pages\/561\/revisions\/1277"}],"up":[{"embeddable":true,"href":"https:\/\/drrt.com\/de\/wp-json\/wp\/v2\/pages\/546"}],"wp:attachment":[{"href":"https:\/\/drrt.com\/de\/wp-json\/wp\/v2\/media?parent=561"}],"curies":[{"name":"wp","href":"https:\/\/api.w.org\/{rel}","templated":true}]}}