{"id":556,"date":"2017-10-30T05:52:26","date_gmt":"2017-10-30T05:52:26","guid":{"rendered":"https:\/\/drrt.com\/areas-of-expertise\/global-securities-litigation\/financial-antitrust-litigation\/"},"modified":"2017-11-10T19:02:08","modified_gmt":"2017-11-10T19:02:08","slug":"financial-antitrust-litigation","status":"publish","type":"page","link":"https:\/\/drrt.com\/de\/areas-of-expertise\/global-securities-litigation\/financial-antitrust-litigation\/","title":{"rendered":"Kartellverfahren mit Finanzmarktbezug"},"content":{"rendered":"<h3>Kartellverfahren mit Finanzmarktbezug<\/h3>\n<p>Finanzmarktmanipulationen waren in den letzten Jahren ein bedeutendes Thema. W\u00e4hrend Anleger vielleicht an die Selbstregulierung des Finanzmarktes glaubten, haben Banken in den letzten Jahren das ihnen entgegengebrachte Vertrauen ausgenutzt und die Finanzm\u00e4rkte beeinflusst, indem sie ihre Zinss\u00e4tze manipulierten, um vom Handel zu profitieren und\/oder um den Eindruck zu erwecken, dass sie sich in einer besseren finanziellen Lage befinden, als dies tats\u00e4chlich der Fall war. Dieses Verhalten verletzt nicht nur geltendes Kartellrecht, Investoren erlitten dadurch auch substantielle Verluste, f\u00fcr die sie nun entsch\u00e4digt werden wollen.<\/p>\n<p>Im Anschluss an den LIBOR-\/EURIBOR-Skandal von 2013 rief DRRT eine Stiftung unter niederl\u00e4ndischem Recht (&#8222;Stichting LIBOR\/EURIBOR Victim Compensation Fund&#8220;) ins Leben, um die Interessen von gro\u00dfen Anlegern und Marktteilnehmern zu vertreten, die von den LIBOR-\/EURIBOR-Manipulationen durch die unterschiedlichen beteiligten Banken betroffen waren. Die Stiftung ist bereit ein Verfahren einzuleiten, um die Haftung von Rabobank, auf Basis der gesamtschuldnerischen Haftung der konspirierenden Banken durch ein niederl\u00e4ndisches Gericht feststellen zu lassen. Zudem bereitet DRRT einzelne Klagen bez\u00fcglich der Manipulationsvorw\u00fcrfe aufgrund Forex und CDS vor.<\/p>\n","protected":false},"excerpt":{"rendered":"<p>Kartellverfahren mit Finanzmarktbezug Finanzmarktmanipulationen waren in den letzten Jahren ein bedeutendes Thema. W\u00e4hrend Anleger vielleicht an die Selbstregulierung des Finanzmarktes&hellip; <\/p>\n","protected":false},"author":1,"featured_media":0,"parent":546,"menu_order":0,"comment_status":"closed","ping_status":"closed","template":"","meta":{"_acf_changed":false,"footnotes":""},"class_list":["post-556","page","type-page","status-publish","hentry"],"acf":[],"_links":{"self":[{"href":"https:\/\/drrt.com\/de\/wp-json\/wp\/v2\/pages\/556","targetHints":{"allow":["GET"]}}],"collection":[{"href":"https:\/\/drrt.com\/de\/wp-json\/wp\/v2\/pages"}],"about":[{"href":"https:\/\/drrt.com\/de\/wp-json\/wp\/v2\/types\/page"}],"author":[{"embeddable":true,"href":"https:\/\/drrt.com\/de\/wp-json\/wp\/v2\/users\/1"}],"replies":[{"embeddable":true,"href":"https:\/\/drrt.com\/de\/wp-json\/wp\/v2\/comments?post=556"}],"version-history":[{"count":2,"href":"https:\/\/drrt.com\/de\/wp-json\/wp\/v2\/pages\/556\/revisions"}],"predecessor-version":[{"id":1276,"href":"https:\/\/drrt.com\/de\/wp-json\/wp\/v2\/pages\/556\/revisions\/1276"}],"up":[{"embeddable":true,"href":"https:\/\/drrt.com\/de\/wp-json\/wp\/v2\/pages\/546"}],"wp:attachment":[{"href":"https:\/\/drrt.com\/de\/wp-json\/wp\/v2\/media?parent=556"}],"curies":[{"name":"wp","href":"https:\/\/api.w.org\/{rel}","templated":true}]}}