{"id":551,"date":"2017-10-30T05:53:23","date_gmt":"2017-10-30T05:53:23","guid":{"rendered":"https:\/\/drrt.com\/areas-of-expertise\/global-securities-litigation\/arbitration-and-alternative-dispute-resolution\/"},"modified":"2017-11-10T19:00:52","modified_gmt":"2017-11-10T19:00:52","slug":"arbitration-and-alternative-dispute-resolution","status":"publish","type":"page","link":"https:\/\/drrt.com\/de\/areas-of-expertise\/global-securities-litigation\/arbitration-and-alternative-dispute-resolution\/","title":{"rendered":"Schiedsverfahren und alternative Beilegung von Rechtsstreitigkeiten"},"content":{"rendered":"<h3>Schiedsverfahren und alternative Beilegung von Rechtsstreitigkeiten<\/h3>\n<p>Die Anw\u00e4lte von DRRT vertreten Mandanten aktiv bei Schiedsverfahren und anderen alternativen Verfahren zur Beilegung von Rechtsstreitigkeiten. Dar\u00fcber hinaus stehen sie den Mandanten mit Rat und Tat zur Seite, um die jeweils beste Option zur au\u00dfergerichtlichen Beilegung zu identifizieren. Wir beobachten diesen Bereich weiterhin, in dem sich ein Trend in mehreren L\u00e4ndern entwickelt hat \u2013 wie beispielsweise in Brasilien mit dem Verfahren Petrobras. So sind Schiedsverfahren bei rechtlichen Streitigkeiten der Aktion\u00e4re gegen die Aktiengesellschaften zwingend. Die Satzungen zur Wahl des Gerichtsstands wurden in zahlreichen US-Gerichten, einschlie\u00dflich in Delaware und sogar dem U.S. Supreme Court, aufrechterhalten. In der Entscheidung des U.S. Supreme Courts in 2013 im Fall American Express v. Italian Colors Restaurant wurde die zwingende Schiedsklausel in einem Handelsvertrag ausdr\u00fccklich best\u00e4tigt. Das breite internationale Netzwerk von DRRT und die Erfahrung unserer Rechtsanw\u00e4lte bei der Prozessf\u00fchrung und in Schiedsverfahren geben uns die M\u00f6glichkeit zur Bearbeitung alternativer Streitbeilegungsmethoden.<\/p>\n","protected":false},"excerpt":{"rendered":"<p>Schiedsverfahren und alternative Beilegung von Rechtsstreitigkeiten Die Anw\u00e4lte von DRRT vertreten Mandanten aktiv bei Schiedsverfahren und anderen alternativen Verfahren zur&hellip; <\/p>\n","protected":false},"author":1,"featured_media":0,"parent":546,"menu_order":0,"comment_status":"closed","ping_status":"closed","template":"","meta":{"_acf_changed":false,"footnotes":""},"class_list":["post-551","page","type-page","status-publish","hentry"],"acf":[],"_links":{"self":[{"href":"https:\/\/drrt.com\/de\/wp-json\/wp\/v2\/pages\/551","targetHints":{"allow":["GET"]}}],"collection":[{"href":"https:\/\/drrt.com\/de\/wp-json\/wp\/v2\/pages"}],"about":[{"href":"https:\/\/drrt.com\/de\/wp-json\/wp\/v2\/types\/page"}],"author":[{"embeddable":true,"href":"https:\/\/drrt.com\/de\/wp-json\/wp\/v2\/users\/1"}],"replies":[{"embeddable":true,"href":"https:\/\/drrt.com\/de\/wp-json\/wp\/v2\/comments?post=551"}],"version-history":[{"count":3,"href":"https:\/\/drrt.com\/de\/wp-json\/wp\/v2\/pages\/551\/revisions"}],"predecessor-version":[{"id":1274,"href":"https:\/\/drrt.com\/de\/wp-json\/wp\/v2\/pages\/551\/revisions\/1274"}],"up":[{"embeddable":true,"href":"https:\/\/drrt.com\/de\/wp-json\/wp\/v2\/pages\/546"}],"wp:attachment":[{"href":"https:\/\/drrt.com\/de\/wp-json\/wp\/v2\/media?parent=551"}],"curies":[{"name":"wp","href":"https:\/\/api.w.org\/{rel}","templated":true}]}}